{"id":2470,"date":"2025-07-14T16:04:46","date_gmt":"2025-07-14T13:04:46","guid":{"rendered":"https:\/\/rkeeper.us\/?page_id=2470"},"modified":"2025-08-07T13:22:24","modified_gmt":"2025-08-07T10:22:24","slug":"drive-through","status":"publish","type":"page","link":"https:\/\/rkeeper.fi\/?page_id=2470","title":{"rendered":"Drive-through"},"content":{"rendered":"<h3>Drive-through<\/h3>\n<h2 id=\"Drive-Through:-Speed-Up-Serve-More-Smile-Often-1\"><strong>Drive-Through: Hymyile usein.<\/strong><\/h2>\n<h3 id=\"Fast.-Frictionless.-Fully-Integrated.-2\">Nopeasti. Kitkaton. T\u00e4ysin integroitu.  <\/h3>\n<p>Nykyaikainen drive-through ei ole vain ikkuna ja kaiutin.<br \/>Se on hyvin toimiva j\u00e4rjestelm\u00e4, joka yhdist\u00e4\u00e4 ruokalistan, keitti\u00f6n, maksun ja asiakkaan &#8211; sekunneissa.<br \/><strong>Drive-Through Solution -ratkaisumme<\/strong> antaa sinulle kaiken, mit\u00e4 tarvitset palvellaksesi enemm\u00e4n autoja, nopeammin ja v\u00e4hemm\u00e4n virheit\u00e4 tehden.<\/p>\n<p>N\u00e4yt\u00f6st\u00e4 voileip\u00e4\u00e4n &#8211; virtaviivaista koko kaista.<\/p>\n<h3 id=\"Built-for-Speed-and-Accuracy-2\"><strong>Rakennettu nopeutta ja tarkkuutta varten<\/strong><\/h3>\n<p><img fetchpriority=\"high\" decoding=\"async\" style=\"margin: 8px 8px 0px;\" src=\"https:\/\/img.perfectwiki.xyz\/insecure\/resize:fit:400\/aHR0cHM6Ly9zdG9yYWdlLmdvb2dsZWFwaXMuY29tL3BlcmZlY3Rfd2lraS9jMThmZTZmNy03MTRiLTQxMzItYmI1NC0zNTY0ODc3NWVkMGMvNWhqMGlFVlkzaUtwbDRKQ1RhTGsvJUQwJUI4JUQwJUI3JUQwJUJFJUQwJUIxJUQxJTgwJUQwJUIwJUQwJUI2JUQwJUI1JUQwJUJEJUQwJUI4JUQwJUI1XzZmZWI4ZTcwLTdkYWMtNGUyMC1iMTBkLWFiYTdmOTllODczNS5wbmc.webp\" sizes=\"100vw\" srcset=\"https:\/\/img.perfectwiki.xyz\/insecure\/resize:fit:400\/aHR0cHM6Ly9zdG9yYWdlLmdvb2dsZWFwaXMuY29tL3BlcmZlY3Rfd2lraS9jMThmZTZmNy03MTRiLTQxMzItYmI1NC0zNTY0ODc3NWVkMGMvNWhqMGlFVlkzaUtwbDRKQ1RhTGsvJUQwJUI4JUQwJUI3JUQwJUJFJUQwJUIxJUQxJTgwJUQwJUIwJUQwJUI2JUQwJUI1JUQwJUJEJUQwJUI4JUQwJUI1XzZmZWI4ZTcwLTdkYWMtNGUyMC1iMTBkLWFiYTdmOTllODczNS5wbmc.webp 400w, https:\/\/img.perfectwiki.xyz\/insecure\/resize:fit:800\/aHR0cHM6Ly9zdG9yYWdlLmdvb2dsZWFwaXMuY29tL3BlcmZlY3Rfd2lraS9jMThmZTZmNy03MTRiLTQxMzItYmI1NC0zNTY0ODc3NWVkMGMvNWhqMGlFVlkzaUtwbDRKQ1RhTGsvJUQwJUI4JUQwJUI3JUQwJUJFJUQwJUIxJUQxJTgwJUQwJUIwJUQwJUI2JUQwJUI1JUQwJUJEJUQwJUI4JUQwJUI1XzZmZWI4ZTcwLTdkYWMtNGUyMC1iMTBkLWFiYTdmOTllODczNS5wbmc.webp 800w, https:\/\/img.perfectwiki.xyz\/insecure\/resize:fit:1200\/aHR0cHM6Ly9zdG9yYWdlLmdvb2dsZWFwaXMuY29tL3BlcmZlY3Rfd2lraS9jMThmZTZmNy03MTRiLTQxMzItYmI1NC0zNTY0ODc3NWVkMGMvNWhqMGlFVlkzaUtwbDRKQ1RhTGsvJUQwJUI4JUQwJUI3JUQwJUJFJUQwJUIxJUQxJTgwJUQwJUIwJUQwJUI2JUQwJUI1JUQwJUJEJUQwJUI4JUQwJUI1XzZmZWI4ZTcwLTdkYWMtNGUyMC1iMTBkLWFiYTdmOTllODczNS5wbmc.webp 1200w, https:\/\/img.perfectwiki.xyz\/insecure\/aHR0cHM6Ly9zdG9yYWdlLmdvb2dsZWFwaXMuY29tL3BlcmZlY3Rfd2lraS9jMThmZTZmNy03MTRiLTQxMzItYmI1NC0zNTY0ODc3NWVkMGMvNWhqMGlFVlkzaUtwbDRKQ1RhTGsvJUQwJUI4JUQwJUI3JUQwJUJFJUQwJUIxJUQxJTgwJUQwJUIwJUQwJUI2JUQwJUI1JUQwJUJEJUQwJUI4JUQwJUI1XzZmZWI4ZTcwLTdkYWMtNGUyMC1iMTBkLWFiYTdmOTllODczNS5wbmc.webp 1400w\" alt=\"ratkaisut \/ 8 Drive-through  \" width=\"325\" height=\"217\"><\/p>\n<p><strong>Kosketusvapaat tilauspaneelit<\/strong><br \/>Anna asiakkaiden tehd\u00e4 tilauksia kosketusn\u00e4yt\u00f6ll\u00e4 tai \u00e4\u00e4nell\u00e4, yst\u00e4v\u00e4llisell\u00e4 k\u00e4ytt\u00f6liittym\u00e4ll\u00e4 &#8211; jopa autosta k\u00e4sin.<\/p>\n<p><strong>Integroitu POS- ja keitti\u00f6ty\u00f6nkulku<\/strong><br \/>Tilaukset n\u00e4kyv\u00e4t v\u00e4litt\u00f6m\u00e4sti keitti\u00f6jonossa. Ei uudelleen kirjoittamista. Ei viiveit\u00e4.  <\/p>\n<p><strong>Nopeat ja joustavat maksut<\/strong><br \/>Hyv\u00e4ksy kortti, tap, QR tai mobiililompakko &#8211; suoraan ikkunassa.<\/p>\n<p><strong>Pikakuitit ja tilausten palautus<\/strong><br \/>Nopea tulostus, edellisten tilausten automaattinen palautus ja t\u00e4ysi n\u00e4kyvyys asiakkaalle.<\/p>\n<p><strong>Jononhallintaty\u00f6kalut<\/strong><br \/>Seuraa autojen lukum\u00e4\u00e4r\u00e4\u00e4, odotusaikoja ja optimoi virtausta live-tietojen avulla.<\/p>\n<h3 id=\"Why-It-Works-2\"><strong>Miksi se toimii<\/strong><\/h3>\n<p><img decoding=\"async\" style=\"margin: 8px 8px 0px;\" src=\"https:\/\/img.perfectwiki.xyz\/insecure\/resize:fit:400\/aHR0cHM6Ly9zdG9yYWdlLmdvb2dsZWFwaXMuY29tL3BlcmZlY3Rfd2lraS9jMThmZTZmNy03MTRiLTQxMzItYmI1NC0zNTY0ODc3NWVkMGMvNWhqMGlFVlkzaUtwbDRKQ1RhTGsvJUQwJUI4JUQwJUI3JUQwJUJFJUQwJUIxJUQxJTgwJUQwJUIwJUQwJUI2JUQwJUI1JUQwJUJEJUQwJUI4JUQwJUI1XzkwMjgyODY5LTAwNWUtNDY4OC04MmU3LWIwM2ZkMGRmYjA4ZC5wbmc.webp\" sizes=\"100vw\" srcset=\"https:\/\/img.perfectwiki.xyz\/insecure\/resize:fit:400\/aHR0cHM6Ly9zdG9yYWdlLmdvb2dsZWFwaXMuY29tL3BlcmZlY3Rfd2lraS9jMThmZTZmNy03MTRiLTQxMzItYmI1NC0zNTY0ODc3NWVkMGMvNWhqMGlFVlkzaUtwbDRKQ1RhTGsvJUQwJUI4JUQwJUI3JUQwJUJFJUQwJUIxJUQxJTgwJUQwJUIwJUQwJUI2JUQwJUI1JUQwJUJEJUQwJUI4JUQwJUI1XzkwMjgyODY5LTAwNWUtNDY4OC04MmU3LWIwM2ZkMGRmYjA4ZC5wbmc.webp 400w, https:\/\/img.perfectwiki.xyz\/insecure\/resize:fit:800\/aHR0cHM6Ly9zdG9yYWdlLmdvb2dsZWFwaXMuY29tL3BlcmZlY3Rfd2lraS9jMThmZTZmNy03MTRiLTQxMzItYmI1NC0zNTY0ODc3NWVkMGMvNWhqMGlFVlkzaUtwbDRKQ1RhTGsvJUQwJUI4JUQwJUI3JUQwJUJFJUQwJUIxJUQxJTgwJUQwJUIwJUQwJUI2JUQwJUI1JUQwJUJEJUQwJUI4JUQwJUI1XzkwMjgyODY5LTAwNWUtNDY4OC04MmU3LWIwM2ZkMGRmYjA4ZC5wbmc.webp 800w, https:\/\/img.perfectwiki.xyz\/insecure\/resize:fit:1200\/aHR0cHM6Ly9zdG9yYWdlLmdvb2dsZWFwaXMuY29tL3BlcmZlY3Rfd2lraS9jMThmZTZmNy03MTRiLTQxMzItYmI1NC0zNTY0ODc3NWVkMGMvNWhqMGlFVlkzaUtwbDRKQ1RhTGsvJUQwJUI4JUQwJUI3JUQwJUJFJUQwJUIxJUQxJTgwJUQwJUIwJUQwJUI2JUQwJUI1JUQwJUJEJUQwJUI4JUQwJUI1XzkwMjgyODY5LTAwNWUtNDY4OC04MmU3LWIwM2ZkMGRmYjA4ZC5wbmc.webp 1200w, https:\/\/img.perfectwiki.xyz\/insecure\/aHR0cHM6Ly9zdG9yYWdlLmdvb2dsZWFwaXMuY29tL3BlcmZlY3Rfd2lraS9jMThmZTZmNy03MTRiLTQxMzItYmI1NC0zNTY0ODc3NWVkMGMvNWhqMGlFVlkzaUtwbDRKQ1RhTGsvJUQwJUI4JUQwJUI3JUQwJUJFJUQwJUIxJUQxJTgwJUQwJUIwJUQwJUI2JUQwJUI1JUQwJUJEJUQwJUI4JUQwJUI1XzkwMjgyODY5LTAwNWUtNDY4OC04MmU3LWIwM2ZkMGRmYjA4ZC5wbmc.webp 1400w\" alt=\"ratkaisut \/ 8 Drive-through  \" width=\"417\" height=\"278\"><\/p>\n<p><strong>Palvelet enemm\u00e4n asiakkaita lyhyemm\u00e4ss\u00e4 ajassa<\/strong><br \/>Nopeampi tilausten sy\u00f6tt\u00f6 ja keitti\u00f6n k\u00e4sittely tarkoittaa lyhyempi\u00e4 jonoja ja suurempaa l\u00e4pimenoa.<\/p>\n<p><strong>V\u00e4hemm\u00e4n virheit\u00e4 = tyytyv\u00e4isempi\u00e4 vieraita<\/strong><br \/>Integroitu tilaaminen minimoi v\u00e4\u00e4rink\u00e4sitykset &#8211; tilaukset ovat aina tarkkoja.<\/p>\n<p><strong>Reaaliaikainen seuranta<\/strong><br \/>Saat reaaliaikaista tietoa keskim\u00e4\u00e4r\u00e4isist\u00e4 odotusajoista, pudotuksista ja huipputuntim\u00e4\u00e4rist\u00e4.<\/p>\n<p><strong>Ammattilaiskokemus<\/strong><br \/>Anna vieraille kokemus, jota he odottavat nykyaikaisilta QSR-br\u00e4ndeilt\u00e4 &#8211; nopea, sujuva ja teknisesti edistyksellinen.<\/p>\n<p><img decoding=\"async\" src=\"https:\/\/img.perfectwiki.xyz\/insecure\/resize:fit:400\/aHR0cHM6Ly9zdG9yYWdlLmdvb2dsZWFwaXMuY29tL3BlcmZlY3Rfd2lraS9jMThmZTZmNy03MTRiLTQxMzItYmI1NC0zNTY0ODc3NWVkMGMvNWhqMGlFVlkzaUtwbDRKQ1RhTGsvJUQwJUI4JUQwJUI3JUQwJUJFJUQwJUIxJUQxJTgwJUQwJUIwJUQwJUI2JUQwJUI1JUQwJUJEJUQwJUI4JUQwJUI1Xzc0ZjZlZDk0LTIwZjUtNGYwNS1iOTI5LWEzZGM3ZDExYWRhMC5wbmc.webp\" sizes=\"100vw\" srcset=\"https:\/\/img.perfectwiki.xyz\/insecure\/resize:fit:400\/aHR0cHM6Ly9zdG9yYWdlLmdvb2dsZWFwaXMuY29tL3BlcmZlY3Rfd2lraS9jMThmZTZmNy03MTRiLTQxMzItYmI1NC0zNTY0ODc3NWVkMGMvNWhqMGlFVlkzaUtwbDRKQ1RhTGsvJUQwJUI4JUQwJUI3JUQwJUJFJUQwJUIxJUQxJTgwJUQwJUIwJUQwJUI2JUQwJUI1JUQwJUJEJUQwJUI4JUQwJUI1Xzc0ZjZlZDk0LTIwZjUtNGYwNS1iOTI5LWEzZGM3ZDExYWRhMC5wbmc.webp 400w, https:\/\/img.perfectwiki.xyz\/insecure\/resize:fit:800\/aHR0cHM6Ly9zdG9yYWdlLmdvb2dsZWFwaXMuY29tL3BlcmZlY3Rfd2lraS9jMThmZTZmNy03MTRiLTQxMzItYmI1NC0zNTY0ODc3NWVkMGMvNWhqMGlFVlkzaUtwbDRKQ1RhTGsvJUQwJUI4JUQwJUI3JUQwJUJFJUQwJUIxJUQxJTgwJUQwJUIwJUQwJUI2JUQwJUI1JUQwJUJEJUQwJUI4JUQwJUI1Xzc0ZjZlZDk0LTIwZjUtNGYwNS1iOTI5LWEzZGM3ZDExYWRhMC5wbmc.webp 800w, https:\/\/img.perfectwiki.xyz\/insecure\/resize:fit:1200\/aHR0cHM6Ly9zdG9yYWdlLmdvb2dsZWFwaXMuY29tL3BlcmZlY3Rfd2lraS9jMThmZTZmNy03MTRiLTQxMzItYmI1NC0zNTY0ODc3NWVkMGMvNWhqMGlFVlkzaUtwbDRKQ1RhTGsvJUQwJUI4JUQwJUI3JUQwJUJFJUQwJUIxJUQxJTgwJUQwJUIwJUQwJUI2JUQwJUI1JUQwJUJEJUQwJUI4JUQwJUI1Xzc0ZjZlZDk0LTIwZjUtNGYwNS1iOTI5LWEzZGM3ZDExYWRhMC5wbmc.webp 1200w, https:\/\/img.perfectwiki.xyz\/insecure\/aHR0cHM6Ly9zdG9yYWdlLmdvb2dsZWFwaXMuY29tL3BlcmZlY3Rfd2lraS9jMThmZTZmNy03MTRiLTQxMzItYmI1NC0zNTY0ODc3NWVkMGMvNWhqMGlFVlkzaUtwbDRKQ1RhTGsvJUQwJUI4JUQwJUI3JUQwJUJFJUQwJUIxJUQxJTgwJUQwJUIwJUQwJUI2JUQwJUI1JUQwJUJEJUQwJUI4JUQwJUI1Xzc0ZjZlZDk0LTIwZjUtNGYwNS1iOTI5LWEzZGM3ZDExYWRhMC5wbmc.webp 1400w\" alt=\"ratkaisut \/ 8 Drive-through  \" width=\"232\" height=\"349\"><\/p>\n<h3 id=\"Drive-Through-for-Every-Scale-2\"><strong>Drive-Through jokaiseen mittakaavaan<\/strong><\/h3>\n<p><strong>Fast Food &amp; QSR<\/strong>: selviydy lounasruuhkasta kuin ammattilainen<\/p>\n<p><strong>Kahviketjut<\/strong>: Pid\u00e4 aamuinen jono liikkeess\u00e4<\/p>\n<p><strong>Takeaway-ravintolat<\/strong>: K\u00e4sittele enemm\u00e4n noutoja ilman kaaosta<\/p>\n<p><strong>Valtatien sijainnit<\/strong>: Palvelevat matkustajia liikkeell\u00e4 &#8211; hidastamatta hidastamista<\/p>\n<h2 id=\"Turn-Your-Parking-Lot-Into-a-Profit-Machine-1\"><strong>K\u00e4\u00e4nn\u00e4 parkkipaikkasi voittokoneeksi<\/strong><\/h2>\n<p>Oikeiden ty\u00f6kalujen avulla drive-through-myynnist\u00e4 tulee muutakin kuin mukavuutta &#8211; siit\u00e4 tulee suurin myyntikanavasi.<\/p>\n<p>\t\t\t\t\t<a href=\"https:\/\/rkeeper.fi\/?page_id=256\"><br \/>\n\t\t\t\t\t\t\t\t\tOta yhteytt\u00e4<br \/>\n\t\t\t\t\t<\/a><\/p>\n","protected":false},"excerpt":{"rendered":"<p>Drive-through Drive-Through: Hymyile usein. Nopeasti. Kitkaton. T\u00e4ysin integroitu. Nykyaikainen drive-through ei ole vain ikkuna ja kaiutin.Se on hyvin toimiva j\u00e4rjestelm\u00e4, joka yhdist\u00e4\u00e4 ruokalistan, keitti\u00f6n, maksun ja asiakkaan &#8211; sekunneissa.Drive-Through Solution -ratkaisumme antaa sinulle kaiken, mit\u00e4 tarvitset palvellaksesi enemm\u00e4n autoja, nopeammin ja v\u00e4hemm\u00e4n virheit\u00e4 tehden. N\u00e4yt\u00f6st\u00e4 voileip\u00e4\u00e4n &#8211; virtaviivaista koko kaista. Rakennettu nopeutta ja tarkkuutta varten [&hellip;]<\/p>\n","protected":false},"author":1,"featured_media":0,"parent":0,"menu_order":0,"comment_status":"closed","ping_status":"closed","template":"","meta":{"footnotes":""},"class_list":["post-2470","page","type-page","status-publish","hentry"],"_links":{"self":[{"href":"https:\/\/rkeeper.fi\/index.php?rest_route=\/wp\/v2\/pages\/2470","targetHints":{"allow":["GET"]}}],"collection":[{"href":"https:\/\/rkeeper.fi\/index.php?rest_route=\/wp\/v2\/pages"}],"about":[{"href":"https:\/\/rkeeper.fi\/index.php?rest_route=\/wp\/v2\/types\/page"}],"author":[{"embeddable":true,"href":"https:\/\/rkeeper.fi\/index.php?rest_route=\/wp\/v2\/users\/1"}],"replies":[{"embeddable":true,"href":"https:\/\/rkeeper.fi\/index.php?rest_route=%2Fwp%2Fv2%2Fcomments&post=2470"}],"version-history":[{"count":6,"href":"https:\/\/rkeeper.fi\/index.php?rest_route=\/wp\/v2\/pages\/2470\/revisions"}],"predecessor-version":[{"id":3763,"href":"https:\/\/rkeeper.fi\/index.php?rest_route=\/wp\/v2\/pages\/2470\/revisions\/3763"}],"wp:attachment":[{"href":"https:\/\/rkeeper.fi\/index.php?rest_route=%2Fwp%2Fv2%2Fmedia&parent=2470"}],"curies":[{"name":"wp","href":"https:\/\/api.w.org\/{rel}","templated":true}]}}