{"id":2510,"date":"2025-07-14T15:42:44","date_gmt":"2025-07-14T12:42:44","guid":{"rendered":"https:\/\/rkeeper.us\/?page_id=2510"},"modified":"2025-08-07T13:23:38","modified_gmt":"2025-08-07T10:23:38","slug":"varastonhallinta","status":"publish","type":"page","link":"https:\/\/rkeeper.fi\/?page_id=2510","title":{"rendered":"Varastonhallinta"},"content":{"rendered":"\t\t<div data-elementor-type=\"wp-page\" data-elementor-id=\"2510\" class=\"elementor elementor-2510 elementor-2199\" data-elementor-post-type=\"page\">\n\t\t\t\t<div class=\"elementor-element elementor-element-54294efb e-flex e-con-boxed e-con e-parent\" data-id=\"54294efb\" data-element_type=\"container\" data-e-type=\"container\">\n\t\t\t\t\t<div class=\"e-con-inner\">\n\t\t\t\t<div class=\"elementor-element elementor-element-38df2e54 elementor-widget elementor-widget-heading\" data-id=\"38df2e54\" data-element_type=\"widget\" data-e-type=\"widget\" data-widget_type=\"heading.default\">\n\t\t\t\t<div class=\"elementor-widget-container\">\n\t\t\t\t\t<h3 class=\"elementor-heading-title elementor-size-default\">Varastonhallinta<\/h3>\t\t\t\t<\/div>\n\t\t\t\t<\/div>\n\t\t\t\t<div class=\"elementor-element elementor-element-7e621205 elementor-widget elementor-widget-text-editor\" data-id=\"7e621205\" data-element_type=\"widget\" data-e-type=\"widget\" data-widget_type=\"text-editor.default\">\n\t\t\t\t<div class=\"elementor-widget-container\">\n\t\t\t\t\t\t\t\t\t<h2 id=\"Inventory-Management-Made-Simple-1\"><strong>Varastonhallinta tehty yksinkertaiseksi<\/strong><\/h2><h3 id=\"Know-What-You-Have.-Control-What-You-Need.-2\">Tied\u00e4 mit\u00e4 sinulla on. Hallitse mit\u00e4 tarvitset. <\/h3><p>Sano hyv\u00e4stit arvailulle, vajauksille ja ylivarastoille.<br><strong>Varastonhallintaj\u00e4rjestelm\u00e4mme<\/strong> antaa sinulle t\u00e4yden hallinnan ravintolasi varastosta &#8211; reaaliajassa. Seuraa kaikkea tuoreista raaka-aineista paperisiin lautasliinoihin vaivattomasti ja v\u00e4henn\u00e4 h\u00e4vikki\u00e4 kuin ammattilainen. <\/p><p>Keitti\u00f6st\u00e4 varastoon &#8211; t\u00e4ydellinen n\u00e4kyvyys, ei stressi\u00e4.<\/p><h3 id=\"Why-Inventory-Management-Matters-2\"><strong>Miksi varastonhallinta on t\u00e4rke\u00e4\u00e4<\/strong><\/h3><p><img fetchpriority=\"high\" decoding=\"async\" class=\"alignright\" style=\"width: 324px; height: 394px;\" src=\"https:\/\/img.perfectwiki.xyz\/insecure\/resize:fit:400\/aHR0cHM6Ly9zdG9yYWdlLmdvb2dsZWFwaXMuY29tL3BlcmZlY3Rfd2lraS9jMThmZTZmNy03MTRiLTQxMzItYmI1NC0zNTY0ODc3NWVkMGMvakRWZWJVOFpYRkFjZVpqT3BIWVIvJUQwJUI4JUQwJUI3JUQwJUJFJUQwJUIxJUQxJTgwJUQwJUIwJUQwJUI2JUQwJUI1JUQwJUJEJUQwJUI4JUQwJUI1XzExMGZkMjVlLWRiZTgtNGNhNC1iMGU0LTQzMjU1NjVjYzQxYy5wbmc.webp\" sizes=\"100vw\" srcset=\"https:\/\/img.perfectwiki.xyz\/insecure\/resize:fit:400\/aHR0cHM6Ly9zdG9yYWdlLmdvb2dsZWFwaXMuY29tL3BlcmZlY3Rfd2lraS9jMThmZTZmNy03MTRiLTQxMzItYmI1NC0zNTY0ODc3NWVkMGMvakRWZWJVOFpYRkFjZVpqT3BIWVIvJUQwJUI4JUQwJUI3JUQwJUJFJUQwJUIxJUQxJTgwJUQwJUIwJUQwJUI2JUQwJUI1JUQwJUJEJUQwJUI4JUQwJUI1XzExMGZkMjVlLWRiZTgtNGNhNC1iMGU0LTQzMjU1NjVjYzQxYy5wbmc.webp 400w, https:\/\/img.perfectwiki.xyz\/insecure\/resize:fit:800\/aHR0cHM6Ly9zdG9yYWdlLmdvb2dsZWFwaXMuY29tL3BlcmZlY3Rfd2lraS9jMThmZTZmNy03MTRiLTQxMzItYmI1NC0zNTY0ODc3NWVkMGMvakRWZWJVOFpYRkFjZVpqT3BIWVIvJUQwJUI4JUQwJUI3JUQwJUJFJUQwJUIxJUQxJTgwJUQwJUIwJUQwJUI2JUQwJUI1JUQwJUJEJUQwJUI4JUQwJUI1XzExMGZkMjVlLWRiZTgtNGNhNC1iMGU0LTQzMjU1NjVjYzQxYy5wbmc.webp 800w, https:\/\/img.perfectwiki.xyz\/insecure\/resize:fit:1200\/aHR0cHM6Ly9zdG9yYWdlLmdvb2dsZWFwaXMuY29tL3BlcmZlY3Rfd2lraS9jMThmZTZmNy03MTRiLTQxMzItYmI1NC0zNTY0ODc3NWVkMGMvakRWZWJVOFpYRkFjZVpqT3BIWVIvJUQwJUI4JUQwJUI3JUQwJUJFJUQwJUIxJUQxJTgwJUQwJUIwJUQwJUI2JUQwJUI1JUQwJUJEJUQwJUI4JUQwJUI1XzExMGZkMjVlLWRiZTgtNGNhNC1iMGU0LTQzMjU1NjVjYzQxYy5wbmc.webp 1200w, https:\/\/img.perfectwiki.xyz\/insecure\/aHR0cHM6Ly9zdG9yYWdlLmdvb2dsZWFwaXMuY29tL3BlcmZlY3Rfd2lraS9jMThmZTZmNy03MTRiLTQxMzItYmI1NC0zNTY0ODc3NWVkMGMvakRWZWJVOFpYRkFjZVpqT3BIWVIvJUQwJUI4JUQwJUI3JUQwJUJFJUQwJUIxJUQxJTgwJUQwJUIwJUQwJUI2JUQwJUI1JUQwJUJEJUQwJUI4JUQwJUI1XzExMGZkMjVlLWRiZTgtNGNhNC1iMGU0LTQzMjU1NjVjYzQxYy5wbmc.webp 1400w\" alt=\"tuotteet \/ 4 Varastonhallinta\" width=\"218\" height=\"266\"><\/p><p><strong>Tarkka varastoseuranta<\/strong><br>N\u00e4et yhdell\u00e4 silm\u00e4yksell\u00e4, mit\u00e4 on varastossa, mik\u00e4 on v\u00e4hiss\u00e4 ja mit\u00e4 on tilattava.<\/p><p><strong>V\u00e4henn\u00e4 h\u00e4vikki\u00e4, s\u00e4\u00e4st\u00e4 rahaa<\/strong><br>Saat varoituksia vanhenemisp\u00e4ivist\u00e4, voit seurata k\u00e4ytt\u00f6tapoja ja tilata vain tarvitsemasi.<\/p><p><strong>Nopeammat inventaarion tarkastukset<\/strong><br>Hylk\u00e4\u00e4 laskentataulukot. Skannaa, laske ja synkronoi sekunneissa &#8211; jopa puhelimesta tai tabletista. <\/p><p><strong>Monen toimipaikan tuki<\/strong><br>Hallitsetko useita myyntipisteit\u00e4? Hanki yhten\u00e4inen n\u00e4kym\u00e4 varastosta kaikissa toimipisteiss\u00e4si. <\/p><p><strong>\u00c4lykk\u00e4\u00e4t raportit ja ennusteet<\/strong><br>Ennusta kysynt\u00e4\u00e4, v\u00e4lt\u00e4 puutteita ja optimoi hankintasi tietoon perustuvien tietojen avulla.<\/p><h3 id=\"Key-Features-2\"><strong>T\u00e4rkeimm\u00e4t ominaisuudet<\/strong><\/h3><p><img decoding=\"async\" class=\"alignleft\" src=\"https:\/\/img.perfectwiki.xyz\/insecure\/resize:fit:400\/aHR0cHM6Ly9zdG9yYWdlLmdvb2dsZWFwaXMuY29tL3BlcmZlY3Rfd2lraS9jMThmZTZmNy03MTRiLTQxMzItYmI1NC0zNTY0ODc3NWVkMGMvakRWZWJVOFpYRkFjZVpqT3BIWVIvJUQwJUI4JUQwJUI3JUQwJUJFJUQwJUIxJUQxJTgwJUQwJUIwJUQwJUI2JUQwJUI1JUQwJUJEJUQwJUI4JUQwJUI1X2EwOWQzOWQ2LWE2YjEtNDJmMC1hMzcyLTQzMzFhZGJiMWNmMi5wbmc.webp\" sizes=\"100vw\" srcset=\"https:\/\/img.perfectwiki.xyz\/insecure\/resize:fit:400\/aHR0cHM6Ly9zdG9yYWdlLmdvb2dsZWFwaXMuY29tL3BlcmZlY3Rfd2lraS9jMThmZTZmNy03MTRiLTQxMzItYmI1NC0zNTY0ODc3NWVkMGMvakRWZWJVOFpYRkFjZVpqT3BIWVIvJUQwJUI4JUQwJUI3JUQwJUJFJUQwJUIxJUQxJTgwJUQwJUIwJUQwJUI2JUQwJUI1JUQwJUJEJUQwJUI4JUQwJUI1X2EwOWQzOWQ2LWE2YjEtNDJmMC1hMzcyLTQzMzFhZGJiMWNmMi5wbmc.webp 400w, https:\/\/img.perfectwiki.xyz\/insecure\/resize:fit:800\/aHR0cHM6Ly9zdG9yYWdlLmdvb2dsZWFwaXMuY29tL3BlcmZlY3Rfd2lraS9jMThmZTZmNy03MTRiLTQxMzItYmI1NC0zNTY0ODc3NWVkMGMvakRWZWJVOFpYRkFjZVpqT3BIWVIvJUQwJUI4JUQwJUI3JUQwJUJFJUQwJUIxJUQxJTgwJUQwJUIwJUQwJUI2JUQwJUI1JUQwJUJEJUQwJUI4JUQwJUI1X2EwOWQzOWQ2LWE2YjEtNDJmMC1hMzcyLTQzMzFhZGJiMWNmMi5wbmc.webp 800w, https:\/\/img.perfectwiki.xyz\/insecure\/resize:fit:1200\/aHR0cHM6Ly9zdG9yYWdlLmdvb2dsZWFwaXMuY29tL3BlcmZlY3Rfd2lraS9jMThmZTZmNy03MTRiLTQxMzItYmI1NC0zNTY0ODc3NWVkMGMvakRWZWJVOFpYRkFjZVpqT3BIWVIvJUQwJUI4JUQwJUI3JUQwJUJFJUQwJUIxJUQxJTgwJUQwJUIwJUQwJUI2JUQwJUI1JUQwJUJEJUQwJUI4JUQwJUI1X2EwOWQzOWQ2LWE2YjEtNDJmMC1hMzcyLTQzMzFhZGJiMWNmMi5wbmc.webp 1200w, https:\/\/img.perfectwiki.xyz\/insecure\/aHR0cHM6Ly9zdG9yYWdlLmdvb2dsZWFwaXMuY29tL3BlcmZlY3Rfd2lraS9jMThmZTZmNy03MTRiLTQxMzItYmI1NC0zNTY0ODc3NWVkMGMvakRWZWJVOFpYRkFjZVpqT3BIWVIvJUQwJUI4JUQwJUI3JUQwJUJFJUQwJUIxJUQxJTgwJUQwJUIwJUQwJUI2JUQwJUI1JUQwJUJEJUQwJUI4JUQwJUI1X2EwOWQzOWQ2LWE2YjEtNDJmMC1hMzcyLTQzMzFhZGJiMWNmMi5wbmc.webp 1400w\" alt=\"tuotteet \/ 4 Varastonhallinta\" width=\"210\" height=\"316\"><\/p><p><strong>Reaaliaikaiset varastop\u00e4ivitykset<\/strong><br>Kaikkien tuotteiden reaaliaikainen n\u00e4kyvyys, joka p\u00e4ivittyy automaattisesti jokaisen myynnin tai toimituksen j\u00e4lkeen.<\/p><p><strong>Reseptipohjainen seuranta<\/strong><br>Seuraa ainesosien k\u00e4ytt\u00f6\u00e4 myytyjen ruokalajien perusteella &#8211; tied\u00e4t mit\u00e4 on k\u00e4ytetty ja milloin.<\/p><p><strong>Automaattiset ostosuositukset<\/strong><br>J\u00e4rjestelm\u00e4 ehdottaa kulutustrendien perusteella, milloin ja mit\u00e4 kannattaa tilata.<\/p><p><strong>Toimittajahallinta<\/strong><br>Tallenna toimittajatiedot, hinnoittelu ja ostohistoria yhteen paikkaan.<\/p><p><strong>Varastosiirrot<\/strong><br>Siirr\u00e4 tuotteita toimipisteiden v\u00e4lill\u00e4 t\u00e4ydell\u00e4 j\u00e4ljitett\u00e4vyydell\u00e4.<\/p><figure class=\"image image_resized\"><img decoding=\"async\" class=\"alignright\" src=\"https:\/\/img.perfectwiki.xyz\/insecure\/resize:fit:400\/aHR0cHM6Ly9zdG9yYWdlLmdvb2dsZWFwaXMuY29tL3BlcmZlY3Rfd2lraS9jMThmZTZmNy03MTRiLTQxMzItYmI1NC0zNTY0ODc3NWVkMGMvakRWZWJVOFpYRkFjZVpqT3BIWVIvJUQwJUI4JUQwJUI3JUQwJUJFJUQwJUIxJUQxJTgwJUQwJUIwJUQwJUI2JUQwJUI1JUQwJUJEJUQwJUI4JUQwJUI1XzA3ZWM5Y2UwLTAzNDQtNGQ1MC04OWQ2LTNmZjUwYjJkMWE1OC5wbmc.webp\" sizes=\"100vw\" srcset=\"https:\/\/img.perfectwiki.xyz\/insecure\/resize:fit:400\/aHR0cHM6Ly9zdG9yYWdlLmdvb2dsZWFwaXMuY29tL3BlcmZlY3Rfd2lraS9jMThmZTZmNy03MTRiLTQxMzItYmI1NC0zNTY0ODc3NWVkMGMvakRWZWJVOFpYRkFjZVpqT3BIWVIvJUQwJUI4JUQwJUI3JUQwJUJFJUQwJUIxJUQxJTgwJUQwJUIwJUQwJUI2JUQwJUI1JUQwJUJEJUQwJUI4JUQwJUI1XzA3ZWM5Y2UwLTAzNDQtNGQ1MC04OWQ2LTNmZjUwYjJkMWE1OC5wbmc.webp 400w, https:\/\/img.perfectwiki.xyz\/insecure\/resize:fit:800\/aHR0cHM6Ly9zdG9yYWdlLmdvb2dsZWFwaXMuY29tL3BlcmZlY3Rfd2lraS9jMThmZTZmNy03MTRiLTQxMzItYmI1NC0zNTY0ODc3NWVkMGMvakRWZWJVOFpYRkFjZVpqT3BIWVIvJUQwJUI4JUQwJUI3JUQwJUJFJUQwJUIxJUQxJTgwJUQwJUIwJUQwJUI2JUQwJUI1JUQwJUJEJUQwJUI4JUQwJUI1XzA3ZWM5Y2UwLTAzNDQtNGQ1MC04OWQ2LTNmZjUwYjJkMWE1OC5wbmc.webp 800w, https:\/\/img.perfectwiki.xyz\/insecure\/resize:fit:1200\/aHR0cHM6Ly9zdG9yYWdlLmdvb2dsZWFwaXMuY29tL3BlcmZlY3Rfd2lraS9jMThmZTZmNy03MTRiLTQxMzItYmI1NC0zNTY0ODc3NWVkMGMvakRWZWJVOFpYRkFjZVpqT3BIWVIvJUQwJUI4JUQwJUI3JUQwJUJFJUQwJUIxJUQxJTgwJUQwJUIwJUQwJUI2JUQwJUI1JUQwJUJEJUQwJUI4JUQwJUI1XzA3ZWM5Y2UwLTAzNDQtNGQ1MC04OWQ2LTNmZjUwYjJkMWE1OC5wbmc.webp 1200w, https:\/\/img.perfectwiki.xyz\/insecure\/aHR0cHM6Ly9zdG9yYWdlLmdvb2dsZWFwaXMuY29tL3BlcmZlY3Rfd2lraS9jMThmZTZmNy03MTRiLTQxMzItYmI1NC0zNTY0ODc3NWVkMGMvakRWZWJVOFpYRkFjZVpqT3BIWVIvJUQwJUI4JUQwJUI3JUQwJUJFJUQwJUIxJUQxJTgwJUQwJUIwJUQwJUI2JUQwJUI1JUQwJUJEJUQwJUI4JUQwJUI1XzA3ZWM5Y2UwLTAzNDQtNGQ1MC04OWQ2LTNmZjUwYjJkMWE1OC5wbmc.webp 1400w\" alt=\"tuotteet \/ 4 Varastonhallinta\" width=\"261\" height=\"262\"><\/figure><h3 id=\"For-Whom-2\"><strong>Kenelle?<\/strong><\/h3><p><strong>Kokit ja keitti\u00f6henkil\u00f6kunta<\/strong> &#8211; Tied\u00e4t, mit\u00e4 on saatavilla avaamatta j\u00e4\u00e4kaappia.<br><strong>Varastonhoitajat<\/strong> &#8211; Hankkiudu eroon vanhentuneesta varastosta manuaalisesti.<br><strong>Ravintolan omistajat<\/strong> &#8211; Seuraa kaikkia kustannuksia. V\u00e4henn\u00e4 jokaista tappiota. <\/p><h2 id=\"Run-Lean.-Save-Big.-Scale-Smart.-1\"><strong>Juokse laihana. Save Big. Scale Smart.  <\/strong><\/h2><p>Varastonhallintaty\u00f6kalumme avulla et vain seuraa varastoja &#8211; voit vapauttaa voittoja.<\/p>\t\t\t\t\t\t\t\t<\/div>\n\t\t\t\t<\/div>\n\t\t\t\t<div class=\"elementor-element elementor-element-2514b49b elementor-align-center elementor-mobile-align-center elementor-widget elementor-widget-button\" data-id=\"2514b49b\" data-element_type=\"widget\" data-e-type=\"widget\" data-widget_type=\"button.default\">\n\t\t\t\t<div class=\"elementor-widget-container\">\n\t\t\t\t\t\t\t\t\t<div class=\"elementor-button-wrapper\">\n\t\t\t\t\t<a class=\"elementor-button elementor-button-link elementor-size-sm\" href=\"https:\/\/rkeeper.fi\/?page_id=256\">\n\t\t\t\t\t\t<span class=\"elementor-button-content-wrapper\">\n\t\t\t\t\t\t\t\t\t<span class=\"elementor-button-text\">Ota yhteytt\u00e4<\/span>\n\t\t\t\t\t<\/span>\n\t\t\t\t\t<\/a>\n\t\t\t\t<\/div>\n\t\t\t\t\t\t\t\t<\/div>\n\t\t\t\t<\/div>\n\t\t\t\t\t<\/div>\n\t\t\t\t<\/div>\n\t\t\t\t<\/div>\n\t\t","protected":false},"excerpt":{"rendered":"<p>Varastonhallinta Varastonhallinta tehty yksinkertaiseksi Tied\u00e4 mit\u00e4 sinulla on. Hallitse mit\u00e4 tarvitset. Sano hyv\u00e4stit arvailulle, vajauksille ja ylivarastoille.Varastonhallintaj\u00e4rjestelm\u00e4mme antaa sinulle t\u00e4yden hallinnan ravintolasi varastosta &#8211; reaaliajassa. Seuraa kaikkea tuoreista raaka-aineista paperisiin lautasliinoihin vaivattomasti ja v\u00e4henn\u00e4 h\u00e4vikki\u00e4 kuin ammattilainen. Keitti\u00f6st\u00e4 varastoon &#8211; t\u00e4ydellinen n\u00e4kyvyys, ei stressi\u00e4. Miksi varastonhallinta on t\u00e4rke\u00e4\u00e4 Tarkka varastoseurantaN\u00e4et yhdell\u00e4 silm\u00e4yksell\u00e4, mit\u00e4 on varastossa, [&hellip;]<\/p>\n","protected":false},"author":1,"featured_media":0,"parent":0,"menu_order":0,"comment_status":"closed","ping_status":"closed","template":"","meta":{"footnotes":""},"class_list":["post-2510","page","type-page","status-publish","hentry"],"_links":{"self":[{"href":"https:\/\/rkeeper.fi\/index.php?rest_route=\/wp\/v2\/pages\/2510","targetHints":{"allow":["GET"]}}],"collection":[{"href":"https:\/\/rkeeper.fi\/index.php?rest_route=\/wp\/v2\/pages"}],"about":[{"href":"https:\/\/rkeeper.fi\/index.php?rest_route=\/wp\/v2\/types\/page"}],"author":[{"embeddable":true,"href":"https:\/\/rkeeper.fi\/index.php?rest_route=\/wp\/v2\/users\/1"}],"replies":[{"embeddable":true,"href":"https:\/\/rkeeper.fi\/index.php?rest_route=%2Fwp%2Fv2%2Fcomments&post=2510"}],"version-history":[{"count":6,"href":"https:\/\/rkeeper.fi\/index.php?rest_route=\/wp\/v2\/pages\/2510\/revisions"}],"predecessor-version":[{"id":3767,"href":"https:\/\/rkeeper.fi\/index.php?rest_route=\/wp\/v2\/pages\/2510\/revisions\/3767"}],"wp:attachment":[{"href":"https:\/\/rkeeper.fi\/index.php?rest_route=%2Fwp%2Fv2%2Fmedia&parent=2510"}],"curies":[{"name":"wp","href":"https:\/\/api.w.org\/{rel}","templated":true}]}}