{"id":2578,"date":"2025-07-14T15:56:20","date_gmt":"2025-07-14T12:56:20","guid":{"rendered":"https:\/\/rkeeper.us\/?page_id=2578"},"modified":"2025-08-07T13:23:50","modified_gmt":"2025-08-07T10:23:50","slug":"omnichannel-myynti","status":"publish","type":"page","link":"https:\/\/rkeeper.fi\/?page_id=2578","title":{"rendered":"Omnichannel-myynti"},"content":{"rendered":"\t\t<div data-elementor-type=\"wp-page\" data-elementor-id=\"2578\" class=\"elementor elementor-2578 elementor-2231\" data-elementor-post-type=\"page\">\n\t\t\t\t<div class=\"elementor-element elementor-element-6ea3bb29 e-flex e-con-boxed e-con e-parent\" data-id=\"6ea3bb29\" data-element_type=\"container\" data-e-type=\"container\">\n\t\t\t\t\t<div class=\"e-con-inner\">\n\t\t\t\t<div class=\"elementor-element elementor-element-bc47fca elementor-widget elementor-widget-heading\" data-id=\"bc47fca\" data-element_type=\"widget\" data-e-type=\"widget\" data-widget_type=\"heading.default\">\n\t\t\t\t<div class=\"elementor-widget-container\">\n\t\t\t\t\t<h3 class=\"elementor-heading-title elementor-size-default\">Omnichannel-myynti<\/h3>\t\t\t\t<\/div>\n\t\t\t\t<\/div>\n\t\t\t\t<div class=\"elementor-element elementor-element-4e941143 elementor-widget elementor-widget-text-editor\" data-id=\"4e941143\" data-element_type=\"widget\" data-e-type=\"widget\" data-widget_type=\"text-editor.default\">\n\t\t\t\t<div class=\"elementor-widget-container\">\n\t\t\t\t\t\t\t\t\t<h2 id=\"Omnichannel-Sales:-Be-Everywhere-Your-Customers-Are-1\"><strong>Omnichannel-myynti: Ole kaikkialla, miss\u00e4 asiakkaasi ovat<\/strong><\/h2><h3 id=\"One-Menu.-All-Channels.-Unlimited-Growth.-2\">Yksi valikko. Kaikki kanavat. Rajoittamaton kasvu.  <\/h3><p><img fetchpriority=\"high\" decoding=\"async\" class=\"alignright\" src=\"https:\/\/img.perfectwiki.xyz\/insecure\/resize:fit:400\/aHR0cHM6Ly9zdG9yYWdlLmdvb2dsZWFwaXMuY29tL3BlcmZlY3Rfd2lraS9jMThmZTZmNy03MTRiLTQxMzItYmI1NC0zNTY0ODc3NWVkMGMvZVQwemNKcWhZalJnNGtDZVZPcHYvJUQwJUI4JUQwJUI3JUQwJUJFJUQwJUIxJUQxJTgwJUQwJUIwJUQwJUI2JUQwJUI1JUQwJUJEJUQwJUI4JUQwJUI1X2QwMmFkYzNjLTdlMjYtNDkxYi1iMjJmLTVjMGFmMmJkMzEyYS5wbmc.webp\" sizes=\"100vw\" srcset=\"https:\/\/img.perfectwiki.xyz\/insecure\/resize:fit:400\/aHR0cHM6Ly9zdG9yYWdlLmdvb2dsZWFwaXMuY29tL3BlcmZlY3Rfd2lraS9jMThmZTZmNy03MTRiLTQxMzItYmI1NC0zNTY0ODc3NWVkMGMvZVQwemNKcWhZalJnNGtDZVZPcHYvJUQwJUI4JUQwJUI3JUQwJUJFJUQwJUIxJUQxJTgwJUQwJUIwJUQwJUI2JUQwJUI1JUQwJUJEJUQwJUI4JUQwJUI1X2QwMmFkYzNjLTdlMjYtNDkxYi1iMjJmLTVjMGFmMmJkMzEyYS5wbmc.webp 400w, https:\/\/img.perfectwiki.xyz\/insecure\/resize:fit:800\/aHR0cHM6Ly9zdG9yYWdlLmdvb2dsZWFwaXMuY29tL3BlcmZlY3Rfd2lraS9jMThmZTZmNy03MTRiLTQxMzItYmI1NC0zNTY0ODc3NWVkMGMvZVQwemNKcWhZalJnNGtDZVZPcHYvJUQwJUI4JUQwJUI3JUQwJUJFJUQwJUIxJUQxJTgwJUQwJUIwJUQwJUI2JUQwJUI1JUQwJUJEJUQwJUI4JUQwJUI1X2QwMmFkYzNjLTdlMjYtNDkxYi1iMjJmLTVjMGFmMmJkMzEyYS5wbmc.webp 800w, https:\/\/img.perfectwiki.xyz\/insecure\/resize:fit:1200\/aHR0cHM6Ly9zdG9yYWdlLmdvb2dsZWFwaXMuY29tL3BlcmZlY3Rfd2lraS9jMThmZTZmNy03MTRiLTQxMzItYmI1NC0zNTY0ODc3NWVkMGMvZVQwemNKcWhZalJnNGtDZVZPcHYvJUQwJUI4JUQwJUI3JUQwJUJFJUQwJUIxJUQxJTgwJUQwJUIwJUQwJUI2JUQwJUI1JUQwJUJEJUQwJUI4JUQwJUI1X2QwMmFkYzNjLTdlMjYtNDkxYi1iMjJmLTVjMGFmMmJkMzEyYS5wbmc.webp 1200w, https:\/\/img.perfectwiki.xyz\/insecure\/aHR0cHM6Ly9zdG9yYWdlLmdvb2dsZWFwaXMuY29tL3BlcmZlY3Rfd2lraS9jMThmZTZmNy03MTRiLTQxMzItYmI1NC0zNTY0ODc3NWVkMGMvZVQwemNKcWhZalJnNGtDZVZPcHYvJUQwJUI4JUQwJUI3JUQwJUJFJUQwJUIxJUQxJTgwJUQwJUIwJUQwJUI2JUQwJUI1JUQwJUJEJUQwJUI4JUQwJUI1X2QwMmFkYzNjLTdlMjYtNDkxYi1iMjJmLTVjMGFmMmJkMzEyYS5wbmc.webp 1400w\" alt=\"ratkaisut \/ 5 Omnichannel-myynti\" width=\"364\" height=\"242\"><\/p><p>Asiakkaat tilaavat nyky\u00e4\u00e4n sovelluksista, verkkosivuilta, kioskeista ja suoraan tiskilt\u00e4. Miksi valita yksi, kun voit saada ne kaikki?<br><strong>Omnichannel-myyntiratkaisumme<\/strong> yhdist\u00e4\u00e4 kaikki myynnin kosketuspisteet yhdeksi saumattomaksi j\u00e4rjestelm\u00e4ksi, jotta mik\u00e4\u00e4n tilaus ei katoa ja jokainen asiakas saa palvelua. <\/p><p>Verkossa. Sis\u00e4isesti. To-go. Kaikki synkronoitu.   <\/p><h3 id=\"What-You-Get-2\"><strong>Mit\u00e4 saat<\/strong><\/h3><p><img decoding=\"async\" class=\"alignleft\" src=\"https:\/\/img.perfectwiki.xyz\/insecure\/resize:fit:400\/aHR0cHM6Ly9zdG9yYWdlLmdvb2dsZWFwaXMuY29tL3BlcmZlY3Rfd2lraS9jMThmZTZmNy03MTRiLTQxMzItYmI1NC0zNTY0ODc3NWVkMGMvZVQwemNKcWhZalJnNGtDZVZPcHYvJUQwJUI4JUQwJUI3JUQwJUJFJUQwJUIxJUQxJTgwJUQwJUIwJUQwJUI2JUQwJUI1JUQwJUJEJUQwJUI4JUQwJUI1X2FhYTYwZDUxLWM1YjItNDY0Mi1iNmNmLWYyMTMxYmZiMjQ1MC5wbmc.webp\" sizes=\"100vw\" srcset=\"https:\/\/img.perfectwiki.xyz\/insecure\/resize:fit:400\/aHR0cHM6Ly9zdG9yYWdlLmdvb2dsZWFwaXMuY29tL3BlcmZlY3Rfd2lraS9jMThmZTZmNy03MTRiLTQxMzItYmI1NC0zNTY0ODc3NWVkMGMvZVQwemNKcWhZalJnNGtDZVZPcHYvJUQwJUI4JUQwJUI3JUQwJUJFJUQwJUIxJUQxJTgwJUQwJUIwJUQwJUI2JUQwJUI1JUQwJUJEJUQwJUI4JUQwJUI1X2FhYTYwZDUxLWM1YjItNDY0Mi1iNmNmLWYyMTMxYmZiMjQ1MC5wbmc.webp 400w, https:\/\/img.perfectwiki.xyz\/insecure\/resize:fit:800\/aHR0cHM6Ly9zdG9yYWdlLmdvb2dsZWFwaXMuY29tL3BlcmZlY3Rfd2lraS9jMThmZTZmNy03MTRiLTQxMzItYmI1NC0zNTY0ODc3NWVkMGMvZVQwemNKcWhZalJnNGtDZVZPcHYvJUQwJUI4JUQwJUI3JUQwJUJFJUQwJUIxJUQxJTgwJUQwJUIwJUQwJUI2JUQwJUI1JUQwJUJEJUQwJUI4JUQwJUI1X2FhYTYwZDUxLWM1YjItNDY0Mi1iNmNmLWYyMTMxYmZiMjQ1MC5wbmc.webp 800w, https:\/\/img.perfectwiki.xyz\/insecure\/resize:fit:1200\/aHR0cHM6Ly9zdG9yYWdlLmdvb2dsZWFwaXMuY29tL3BlcmZlY3Rfd2lraS9jMThmZTZmNy03MTRiLTQxMzItYmI1NC0zNTY0ODc3NWVkMGMvZVQwemNKcWhZalJnNGtDZVZPcHYvJUQwJUI4JUQwJUI3JUQwJUJFJUQwJUIxJUQxJTgwJUQwJUIwJUQwJUI2JUQwJUI1JUQwJUJEJUQwJUI4JUQwJUI1X2FhYTYwZDUxLWM1YjItNDY0Mi1iNmNmLWYyMTMxYmZiMjQ1MC5wbmc.webp 1200w, https:\/\/img.perfectwiki.xyz\/insecure\/aHR0cHM6Ly9zdG9yYWdlLmdvb2dsZWFwaXMuY29tL3BlcmZlY3Rfd2lraS9jMThmZTZmNy03MTRiLTQxMzItYmI1NC0zNTY0ODc3NWVkMGMvZVQwemNKcWhZalJnNGtDZVZPcHYvJUQwJUI4JUQwJUI3JUQwJUJFJUQwJUIxJUQxJTgwJUQwJUIwJUQwJUI2JUQwJUI1JUQwJUJEJUQwJUI4JUQwJUI1X2FhYTYwZDUxLWM1YjItNDY0Mi1iNmNmLWYyMTMxYmZiMjQ1MC5wbmc.webp 1400w\" alt=\"ratkaisut \/ 5 Omnichannel-myynti\" width=\"242\" height=\"366\"><\/p><p><strong>Yhten\u00e4iset tilaukset kaikissa kanavissa<\/strong><br>Ei en\u00e4\u00e4 tablettien ja sovellusten kanssa jongleeraamista. Tilaukset verkosta, mobiililaitteesta, kioskista tai kassalta menev\u00e4t suoraan yhteen j\u00e4rjestelm\u00e4\u00e4n &#8211; v\u00e4litt\u00f6m\u00e4sti. <\/p><p><strong>Nykyaikainen, mobiililaitteille sopiva kokemus<\/strong><br>Sinun valikkosi, sinun tyylisi &#8211; k\u00e4ytett\u00e4viss\u00e4 mill\u00e4 tahansa laitteella. Anna asiakkaiden tilata haluamallaan tavalla. <\/p><p><strong>Reaaliaikainen inventaario- ja ruokalistasynkronointi<\/strong><br>Muuta hinta tai tuote kerran, niin se p\u00e4ivittyy kaikkialla: POS, verkkosivusto, toimitussovellukset ja kioskit.<\/p><p><strong>Keskitetty raportointi<\/strong><br>Seuraa kokonaismyynti\u00e4, suosituimpia tuotteita ja asiakkaiden k\u00e4ytt\u00e4ytymist\u00e4 kaikilla alustoilla &#8211; yhdell\u00e4 kojelaudalla.<\/p><p><strong>Toimitus- ja noutovalmius<\/strong><br>Yhdist\u00e4 suoraan Click &amp; Collect -palveluun, toimituskumppaneihin tai yrityksen sis\u00e4isiin kuriireihin, jotta saat t\u00e4ydellisen myyntikierteen.<\/p><h3 id=\"Why-It-Matters-2\"><strong>Miksi sill\u00e4 on merkityst\u00e4<\/strong><\/h3><p><strong>Maksimoi tulot<\/strong> &#8211; ker\u00e4\u00e4 myynti\u00e4 kaikilta alustoilta 24\/7.<\/p><p><strong>S\u00e4\u00e4st\u00e4 aikaa<\/strong> &#8211; Ei en\u00e4\u00e4 kaksinkertaista kirjaamista. P\u00e4ivitykset ovat automaattisia ja v\u00e4litt\u00f6mi\u00e4. <\/p><p><strong>Virheiden v\u00e4hent\u00e4minen<\/strong> &#8211; Yhten\u00e4iset tilaukset = ei sekaannuksia, ei hukattuja kohteita.<\/p><p><strong>Lis\u00e4\u00e4 uskollisuutta<\/strong> &#8211; Sujuvat kokemukset kaikissa kosketuspisteiss\u00e4 lis\u00e4\u00e4v\u00e4t uusintak\u00e4yntej\u00e4.<\/p><h3 id=\"Channels-You-Can-Connect-2\"><strong>Kanavat, joihin voit liitty\u00e4<\/strong><\/h3><p><img decoding=\"async\" class=\"alignright\" style=\"margin: 8px 8px 0px;\" src=\"https:\/\/img.perfectwiki.xyz\/insecure\/resize:fit:400\/aHR0cHM6Ly9zdG9yYWdlLmdvb2dsZWFwaXMuY29tL3BlcmZlY3Rfd2lraS9jMThmZTZmNy03MTRiLTQxMzItYmI1NC0zNTY0ODc3NWVkMGMvZVQwemNKcWhZalJnNGtDZVZPcHYvJUQwJUI4JUQwJUI3JUQwJUJFJUQwJUIxJUQxJTgwJUQwJUIwJUQwJUI2JUQwJUI1JUQwJUJEJUQwJUI4JUQwJUI1X2QxY2QyYjAxLTc0ZWYtNDJmYi04Yzk5LTY1M2RhYWMwZDExOS5wbmc.webp\" sizes=\"100vw\" srcset=\"https:\/\/img.perfectwiki.xyz\/insecure\/resize:fit:400\/aHR0cHM6Ly9zdG9yYWdlLmdvb2dsZWFwaXMuY29tL3BlcmZlY3Rfd2lraS9jMThmZTZmNy03MTRiLTQxMzItYmI1NC0zNTY0ODc3NWVkMGMvZVQwemNKcWhZalJnNGtDZVZPcHYvJUQwJUI4JUQwJUI3JUQwJUJFJUQwJUIxJUQxJTgwJUQwJUIwJUQwJUI2JUQwJUI1JUQwJUJEJUQwJUI4JUQwJUI1X2QxY2QyYjAxLTc0ZWYtNDJmYi04Yzk5LTY1M2RhYWMwZDExOS5wbmc.webp 400w, https:\/\/img.perfectwiki.xyz\/insecure\/resize:fit:800\/aHR0cHM6Ly9zdG9yYWdlLmdvb2dsZWFwaXMuY29tL3BlcmZlY3Rfd2lraS9jMThmZTZmNy03MTRiLTQxMzItYmI1NC0zNTY0ODc3NWVkMGMvZVQwemNKcWhZalJnNGtDZVZPcHYvJUQwJUI4JUQwJUI3JUQwJUJFJUQwJUIxJUQxJTgwJUQwJUIwJUQwJUI2JUQwJUI1JUQwJUJEJUQwJUI4JUQwJUI1X2QxY2QyYjAxLTc0ZWYtNDJmYi04Yzk5LTY1M2RhYWMwZDExOS5wbmc.webp 800w, https:\/\/img.perfectwiki.xyz\/insecure\/resize:fit:1200\/aHR0cHM6Ly9zdG9yYWdlLmdvb2dsZWFwaXMuY29tL3BlcmZlY3Rfd2lraS9jMThmZTZmNy03MTRiLTQxMzItYmI1NC0zNTY0ODc3NWVkMGMvZVQwemNKcWhZalJnNGtDZVZPcHYvJUQwJUI4JUQwJUI3JUQwJUJFJUQwJUIxJUQxJTgwJUQwJUIwJUQwJUI2JUQwJUI1JUQwJUJEJUQwJUI4JUQwJUI1X2QxY2QyYjAxLTc0ZWYtNDJmYi04Yzk5LTY1M2RhYWMwZDExOS5wbmc.webp 1200w, https:\/\/img.perfectwiki.xyz\/insecure\/aHR0cHM6Ly9zdG9yYWdlLmdvb2dsZWFwaXMuY29tL3BlcmZlY3Rfd2lraS9jMThmZTZmNy03MTRiLTQxMzItYmI1NC0zNTY0ODc3NWVkMGMvZVQwemNKcWhZalJnNGtDZVZPcHYvJUQwJUI4JUQwJUI3JUQwJUJFJUQwJUIxJUQxJTgwJUQwJUIwJUQwJUI2JUQwJUI1JUQwJUJEJUQwJUI4JUQwJUI1X2QxY2QyYjAxLTc0ZWYtNDJmYi04Yzk5LTY1M2RhYWMwZDExOS5wbmc.webp 1400w\" alt=\"ratkaisut \/ 5 Omnichannel-myynti\" width=\"234\" height=\"316\"><\/p><p>\u2705 POS &amp; Cashdesk<br>\u2705 Kioski<br>\u2705 Natiivi mobiilisovellus<br>\u2705 Branded Website<br>\u2705 Toimitusalustat (Wolt, Bolt, Glovo jne.)<br>\u2705 Click &amp; Collect<br>\u2705 QR-taulukkotilaukset.<\/p><h2 id=\"Omnichannel-Omnipresence-1\"><strong>Kaikkikanavainen = kaikkialle ulottuva l\u00e4sn\u00e4olo<\/strong><\/h2><p>Asiakkaasi el\u00e4v\u00e4t useissa eri kanavissa.<br>Nyt my\u00f6s yrityksesi voi el\u00e4\u00e4 ilman kaaosta.<\/p><p>tay yhteydess\u00e4. Pysy skaalautuvana. Pysy hallinnassa.  <\/p>\t\t\t\t\t\t\t\t<\/div>\n\t\t\t\t<\/div>\n\t\t\t\t<div class=\"elementor-element elementor-element-2c75ffcf elementor-align-center elementor-mobile-align-center elementor-widget elementor-widget-button\" data-id=\"2c75ffcf\" data-element_type=\"widget\" data-e-type=\"widget\" data-widget_type=\"button.default\">\n\t\t\t\t<div class=\"elementor-widget-container\">\n\t\t\t\t\t\t\t\t\t<div class=\"elementor-button-wrapper\">\n\t\t\t\t\t<a class=\"elementor-button elementor-button-link elementor-size-sm\" href=\"https:\/\/rkeeper.us\/?page_id=256\">\n\t\t\t\t\t\t<span class=\"elementor-button-content-wrapper\">\n\t\t\t\t\t\t\t\t\t<span class=\"elementor-button-text\">Ota yhteytt\u00e4<\/span>\n\t\t\t\t\t<\/span>\n\t\t\t\t\t<\/a>\n\t\t\t\t<\/div>\n\t\t\t\t\t\t\t\t<\/div>\n\t\t\t\t<\/div>\n\t\t\t\t\t<\/div>\n\t\t\t\t<\/div>\n\t\t\t\t<\/div>\n\t\t","protected":false},"excerpt":{"rendered":"<p>Omnichannel-myynti Omnichannel-myynti: Ole kaikkialla, miss\u00e4 asiakkaasi ovat Yksi valikko. Kaikki kanavat. Rajoittamaton kasvu. Asiakkaat tilaavat nyky\u00e4\u00e4n sovelluksista, verkkosivuilta, kioskeista ja suoraan tiskilt\u00e4. Miksi valita yksi, kun voit saada ne kaikki?Omnichannel-myyntiratkaisumme yhdist\u00e4\u00e4 kaikki myynnin kosketuspisteet yhdeksi saumattomaksi j\u00e4rjestelm\u00e4ksi, jotta mik\u00e4\u00e4n tilaus ei katoa ja jokainen asiakas saa palvelua. Verkossa. Sis\u00e4isesti. To-go. Kaikki synkronoitu. Mit\u00e4 saat Yhten\u00e4iset [&hellip;]<\/p>\n","protected":false},"author":1,"featured_media":0,"parent":0,"menu_order":0,"comment_status":"closed","ping_status":"closed","template":"","meta":{"footnotes":""},"class_list":["post-2578","page","type-page","status-publish","hentry"],"_links":{"self":[{"href":"https:\/\/rkeeper.fi\/index.php?rest_route=\/wp\/v2\/pages\/2578","targetHints":{"allow":["GET"]}}],"collection":[{"href":"https:\/\/rkeeper.fi\/index.php?rest_route=\/wp\/v2\/pages"}],"about":[{"href":"https:\/\/rkeeper.fi\/index.php?rest_route=\/wp\/v2\/types\/page"}],"author":[{"embeddable":true,"href":"https:\/\/rkeeper.fi\/index.php?rest_route=\/wp\/v2\/users\/1"}],"replies":[{"embeddable":true,"href":"https:\/\/rkeeper.fi\/index.php?rest_route=%2Fwp%2Fv2%2Fcomments&post=2578"}],"version-history":[{"count":4,"href":"https:\/\/rkeeper.fi\/index.php?rest_route=\/wp\/v2\/pages\/2578\/revisions"}],"predecessor-version":[{"id":3769,"href":"https:\/\/rkeeper.fi\/index.php?rest_route=\/wp\/v2\/pages\/2578\/revisions\/3769"}],"wp:attachment":[{"href":"https:\/\/rkeeper.fi\/index.php?rest_route=%2Fwp%2Fv2%2Fmedia&parent=2578"}],"curies":[{"name":"wp","href":"https:\/\/api.w.org\/{rel}","templated":true}]}}