{"id":2618,"date":"2025-07-14T15:51:29","date_gmt":"2025-07-14T12:51:29","guid":{"rendered":"https:\/\/rkeeper.us\/?page_id=2618"},"modified":"2025-08-07T13:24:04","modified_gmt":"2025-08-07T10:24:04","slug":"tilaaminen-verkossa","status":"publish","type":"page","link":"https:\/\/rkeeper.fi\/?page_id=2618","title":{"rendered":"Tilaaminen verkossa"},"content":{"rendered":"\t\t<div data-elementor-type=\"wp-page\" data-elementor-id=\"2618\" class=\"elementor elementor-2618 elementor-2220\" data-elementor-post-type=\"page\">\n\t\t\t\t<div class=\"elementor-element elementor-element-13b53120 e-flex e-con-boxed e-con e-parent\" data-id=\"13b53120\" data-element_type=\"container\" data-e-type=\"container\">\n\t\t\t\t\t<div class=\"e-con-inner\">\n\t\t\t\t<div class=\"elementor-element elementor-element-664f7414 elementor-widget elementor-widget-heading\" data-id=\"664f7414\" data-element_type=\"widget\" data-e-type=\"widget\" data-widget_type=\"heading.default\">\n\t\t\t\t<div class=\"elementor-widget-container\">\n\t\t\t\t\t<h3 class=\"elementor-heading-title elementor-size-default\">Tilaaminen verkossa<\/h3>\t\t\t\t<\/div>\n\t\t\t\t<\/div>\n\t\t\t\t<div class=\"elementor-element elementor-element-63e33bf0 elementor-widget elementor-widget-text-editor\" data-id=\"63e33bf0\" data-element_type=\"widget\" data-e-type=\"widget\" data-widget_type=\"text-editor.default\">\n\t\t\t\t<div class=\"elementor-widget-container\">\n\t\t\t\t\t\t\t\t\t<h2 id=\"Online-Ordering:-Your-Restaurant-Always-Open-1\"><strong>Tilaaminen verkossa: Aina auki oleva ravintolasi<\/strong><\/h2><h3 id=\"Turn-Clicks-Into-Orders.-Anytime-Anywhere.-2\">K\u00e4\u00e4nn\u00e4 klikkaukset tilauksiksi. Milloin tahansa, miss\u00e4 tahansa. <\/h3><p>Anna asiakkaidesi tilata ravintolastasi muutamalla napautuksella &#8211; mill\u00e4 tahansa laitteella.<br><strong>Online Ordering<\/strong> -ratkaisumme yhdist\u00e4\u00e4 ruokalistasi digitaaliseen maailmaan: verkkosivustoosi, mobiilisovellukseen tai QR-koodiin. Ei v\u00e4lik\u00e4si\u00e4. Ei provisioleikkauksia. Vain suoramyynti\u00e4, suoraan keitti\u00f6\u00f6si.   <\/p><p>Palvele seinien ulkopuolella. Ole siell\u00e4, miss\u00e4 asiakkaasi ovat. <\/p><h3 id=\"Why-You'll-Love-It-2\"><strong>Miksi rakastat sit\u00e4<\/strong><\/h3><p><img fetchpriority=\"high\" decoding=\"async\" class=\"alignleft\" src=\"https:\/\/img.perfectwiki.xyz\/insecure\/resize:fit:400\/aHR0cHM6Ly9zdG9yYWdlLmdvb2dsZWFwaXMuY29tL3BlcmZlY3Rfd2lraS9jMThmZTZmNy03MTRiLTQxMzItYmI1NC0zNTY0ODc3NWVkMGMvRXFoakF6MGFkRjlvQ3BVRXdIVFQvJUQwJUI4JUQwJUI3JUQwJUJFJUQwJUIxJUQxJTgwJUQwJUIwJUQwJUI2JUQwJUI1JUQwJUJEJUQwJUI4JUQwJUI1XzQyZTk5NjM0LWY0YzYtNGU3My05MDhlLTI4ODBiZTIwMGU4OS5wbmc.webp\" sizes=\"100vw\" srcset=\"https:\/\/img.perfectwiki.xyz\/insecure\/resize:fit:400\/aHR0cHM6Ly9zdG9yYWdlLmdvb2dsZWFwaXMuY29tL3BlcmZlY3Rfd2lraS9jMThmZTZmNy03MTRiLTQxMzItYmI1NC0zNTY0ODc3NWVkMGMvRXFoakF6MGFkRjlvQ3BVRXdIVFQvJUQwJUI4JUQwJUI3JUQwJUJFJUQwJUIxJUQxJTgwJUQwJUIwJUQwJUI2JUQwJUI1JUQwJUJEJUQwJUI4JUQwJUI1XzQyZTk5NjM0LWY0YzYtNGU3My05MDhlLTI4ODBiZTIwMGU4OS5wbmc.webp 400w, https:\/\/img.perfectwiki.xyz\/insecure\/resize:fit:800\/aHR0cHM6Ly9zdG9yYWdlLmdvb2dsZWFwaXMuY29tL3BlcmZlY3Rfd2lraS9jMThmZTZmNy03MTRiLTQxMzItYmI1NC0zNTY0ODc3NWVkMGMvRXFoakF6MGFkRjlvQ3BVRXdIVFQvJUQwJUI4JUQwJUI3JUQwJUJFJUQwJUIxJUQxJTgwJUQwJUIwJUQwJUI2JUQwJUI1JUQwJUJEJUQwJUI4JUQwJUI1XzQyZTk5NjM0LWY0YzYtNGU3My05MDhlLTI4ODBiZTIwMGU4OS5wbmc.webp 800w, https:\/\/img.perfectwiki.xyz\/insecure\/resize:fit:1200\/aHR0cHM6Ly9zdG9yYWdlLmdvb2dsZWFwaXMuY29tL3BlcmZlY3Rfd2lraS9jMThmZTZmNy03MTRiLTQxMzItYmI1NC0zNTY0ODc3NWVkMGMvRXFoakF6MGFkRjlvQ3BVRXdIVFQvJUQwJUI4JUQwJUI3JUQwJUJFJUQwJUIxJUQxJTgwJUQwJUIwJUQwJUI2JUQwJUI1JUQwJUJEJUQwJUI4JUQwJUI1XzQyZTk5NjM0LWY0YzYtNGU3My05MDhlLTI4ODBiZTIwMGU4OS5wbmc.webp 1200w, https:\/\/img.perfectwiki.xyz\/insecure\/aHR0cHM6Ly9zdG9yYWdlLmdvb2dsZWFwaXMuY29tL3BlcmZlY3Rfd2lraS9jMThmZTZmNy03MTRiLTQxMzItYmI1NC0zNTY0ODc3NWVkMGMvRXFoakF6MGFkRjlvQ3BVRXdIVFQvJUQwJUI4JUQwJUI3JUQwJUJFJUQwJUIxJUQxJTgwJUQwJUIwJUQwJUI2JUQwJUI1JUQwJUJEJUQwJUI4JUQwJUI1XzQyZTk5NjM0LWY0YzYtNGU3My05MDhlLTI4ODBiZTIwMGU4OS5wbmc.webp 1400w\" alt=\"ratkaisut \/ 6 Online-tilaus\" width=\"224\" height=\"336\"><\/p><p><strong>Helppok\u00e4ytt\u00f6inen, helppo tilata<\/strong><br>Kaunis, br\u00e4ndin mukainen valikko, joka on suunniteltu mobiililaitteille ja ty\u00f6p\u00f6yd\u00e4lle. Ei ladattavia sovelluksia &#8211; napauta ja tilaa. <\/p><p><strong>Turvalliset maksut, joustavat vaihtoehdot<\/strong><br>Hyv\u00e4ksy kortit, Apple\/Google Pay tai anna heid\u00e4n maksaa noutopalvelussa. Kaikki maksutapahtumat ovat turvallisia ja nopeita. <\/p><p><strong>Nouto, toimitus, sis\u00e4\u00e4n sy\u00f6minen &#8211; kaikki katettu<\/strong><br>Anna vieraiden valita, miten he saavat ruokansa: noutaa, sy\u00f6d\u00e4 sis\u00e4\u00e4n tai saada se toimitettuna.<\/p><p><strong>T\u00e4ysin integroitu<\/strong><br>Tilaukset menev\u00e4t suoraan POS-j\u00e4rjestelm\u00e4\u00e4n tai keitti\u00f6\u00f6n &#8211; ei ylim\u00e4\u00e4r\u00e4isi\u00e4 n\u00e4ytt\u00f6j\u00e4, ei hukattuja lippuja.<\/p><p><strong>Sales Insights &amp; Customer Data<\/strong><br>Seuraa, mit\u00e4 ihmiset tilaavat, milloin ja kuinka usein. K\u00e4yt\u00e4 sit\u00e4 tarjousten parantamiseen ja parempaan kohdentamiseen. <\/p><h3 id=\"Key-Features-2\"><strong>T\u00e4rkeimm\u00e4t ominaisuudet<\/strong><\/h3><ul><li>Mukautettava digitaalinen valikko, jossa on luokkia ja modifiointimerkkej\u00e4<\/li><li>Lis\u00e4\u00e4 valokuvia, allergeeneja, yhdistelmi\u00e4 &#8211; mit\u00e4 tahansa vieraasi tarvitsevat p\u00e4\u00e4tt\u00e4m\u00e4\u00e4n.<\/li><li>Jaa linkill\u00e4, QR-koodilla tai upota verkkosivuillesi.<\/li><li>Tukee kampanjakoodeja, kanta-asiakkuutta ja lis\u00e4myynti\u00e4.<\/li><li>Reaaliaikaiset p\u00e4ivitykset valikkoon ja saatavuuteen<\/li><li><p>Monikielinen tuki kansainv\u00e4lisille asiakkaille<\/p><figure class=\"image image_resized\"><img decoding=\"async\" class=\"alignright\" src=\"https:\/\/img.perfectwiki.xyz\/insecure\/resize:fit:400\/aHR0cHM6Ly9zdG9yYWdlLmdvb2dsZWFwaXMuY29tL3BlcmZlY3Rfd2lraS9jMThmZTZmNy03MTRiLTQxMzItYmI1NC0zNTY0ODc3NWVkMGMvRXFoakF6MGFkRjlvQ3BVRXdIVFQvJUQwJUI4JUQwJUI3JUQwJUJFJUQwJUIxJUQxJTgwJUQwJUIwJUQwJUI2JUQwJUI1JUQwJUJEJUQwJUI4JUQwJUI1XzVkNzgwNjA4LTY0OTctNDNkYi1iMmViLTkzNDFkNzYyNzVjMS5wbmc.webp\" sizes=\"100vw\" srcset=\"https:\/\/img.perfectwiki.xyz\/insecure\/resize:fit:400\/aHR0cHM6Ly9zdG9yYWdlLmdvb2dsZWFwaXMuY29tL3BlcmZlY3Rfd2lraS9jMThmZTZmNy03MTRiLTQxMzItYmI1NC0zNTY0ODc3NWVkMGMvRXFoakF6MGFkRjlvQ3BVRXdIVFQvJUQwJUI4JUQwJUI3JUQwJUJFJUQwJUIxJUQxJTgwJUQwJUIwJUQwJUI2JUQwJUI1JUQwJUJEJUQwJUI4JUQwJUI1XzVkNzgwNjA4LTY0OTctNDNkYi1iMmViLTkzNDFkNzYyNzVjMS5wbmc.webp 400w, https:\/\/img.perfectwiki.xyz\/insecure\/resize:fit:800\/aHR0cHM6Ly9zdG9yYWdlLmdvb2dsZWFwaXMuY29tL3BlcmZlY3Rfd2lraS9jMThmZTZmNy03MTRiLTQxMzItYmI1NC0zNTY0ODc3NWVkMGMvRXFoakF6MGFkRjlvQ3BVRXdIVFQvJUQwJUI4JUQwJUI3JUQwJUJFJUQwJUIxJUQxJTgwJUQwJUIwJUQwJUI2JUQwJUI1JUQwJUJEJUQwJUI4JUQwJUI1XzVkNzgwNjA4LTY0OTctNDNkYi1iMmViLTkzNDFkNzYyNzVjMS5wbmc.webp 800w, https:\/\/img.perfectwiki.xyz\/insecure\/resize:fit:1200\/aHR0cHM6Ly9zdG9yYWdlLmdvb2dsZWFwaXMuY29tL3BlcmZlY3Rfd2lraS9jMThmZTZmNy03MTRiLTQxMzItYmI1NC0zNTY0ODc3NWVkMGMvRXFoakF6MGFkRjlvQ3BVRXdIVFQvJUQwJUI4JUQwJUI3JUQwJUJFJUQwJUIxJUQxJTgwJUQwJUIwJUQwJUI2JUQwJUI1JUQwJUJEJUQwJUI4JUQwJUI1XzVkNzgwNjA4LTY0OTctNDNkYi1iMmViLTkzNDFkNzYyNzVjMS5wbmc.webp 1200w, https:\/\/img.perfectwiki.xyz\/insecure\/aHR0cHM6Ly9zdG9yYWdlLmdvb2dsZWFwaXMuY29tL3BlcmZlY3Rfd2lraS9jMThmZTZmNy03MTRiLTQxMzItYmI1NC0zNTY0ODc3NWVkMGMvRXFoakF6MGFkRjlvQ3BVRXdIVFQvJUQwJUI4JUQwJUI3JUQwJUJFJUQwJUIxJUQxJTgwJUQwJUIwJUQwJUI2JUQwJUI1JUQwJUJEJUQwJUI4JUQwJUI1XzVkNzgwNjA4LTY0OTctNDNkYi1iMmViLTkzNDFkNzYyNzVjMS5wbmc.webp 1400w\" alt=\"ratkaisut \/ 6 Online-tilaus\" width=\"230\" height=\"347\"><\/figure><\/li><\/ul><h3 id=\"Who-Is-It-For-2\"><strong>Kenelle se on tarkoitettu?<\/strong><\/h3><p><strong>Fast Food<\/strong> &#8211; Nopea tilaaminen, v\u00e4hemm\u00e4n jonoja<br><strong>Takeaway &amp; Delivery<\/strong> &#8211; Helppo asiakasvirta, parempi ajoitus<br> Kahvilat<strong>&amp; leipomot<\/strong> &#8211; Ajastettu nouto, jonojen v\u00e4ltt\u00e4minen<br><strong>Ravintolat<\/strong> &#8211; QR-p\u00f6yt\u00e4tilaus, ei tarvita lainkaan henkil\u00f6kuntaa.  <\/p><h2 id=\"Own-the-Customer-Experience-1\"><strong>Omista asiakaskokemus<\/strong><\/h2><p>\u00c4l\u00e4 vuokraa suhdettasi kolmannen osapuolen sovelluksille.<br>Suoralla verkkotilauksella pysyt hallinnassa &#8211; ja pid\u00e4t 100 % myynnist\u00e4.<\/p>\t\t\t\t\t\t\t\t<\/div>\n\t\t\t\t<\/div>\n\t\t\t\t<div class=\"elementor-element elementor-element-419a0f07 elementor-align-center elementor-mobile-align-center elementor-widget elementor-widget-button\" data-id=\"419a0f07\" data-element_type=\"widget\" data-e-type=\"widget\" data-widget_type=\"button.default\">\n\t\t\t\t<div class=\"elementor-widget-container\">\n\t\t\t\t\t\t\t\t\t<div class=\"elementor-button-wrapper\">\n\t\t\t\t\t<a class=\"elementor-button elementor-button-link elementor-size-sm\" href=\"https:\/\/rkeeper.us\/?page_id=256\">\n\t\t\t\t\t\t<span class=\"elementor-button-content-wrapper\">\n\t\t\t\t\t\t\t\t\t<span class=\"elementor-button-text\">Ota yhteytt\u00e4<\/span>\n\t\t\t\t\t<\/span>\n\t\t\t\t\t<\/a>\n\t\t\t\t<\/div>\n\t\t\t\t\t\t\t\t<\/div>\n\t\t\t\t<\/div>\n\t\t\t\t\t<\/div>\n\t\t\t\t<\/div>\n\t\t\t\t<\/div>\n\t\t","protected":false},"excerpt":{"rendered":"<p>Tilaaminen verkossa Tilaaminen verkossa: Aina auki oleva ravintolasi K\u00e4\u00e4nn\u00e4 klikkaukset tilauksiksi. Milloin tahansa, miss\u00e4 tahansa. Anna asiakkaidesi tilata ravintolastasi muutamalla napautuksella &#8211; mill\u00e4 tahansa laitteella.Online Ordering -ratkaisumme yhdist\u00e4\u00e4 ruokalistasi digitaaliseen maailmaan: verkkosivustoosi, mobiilisovellukseen tai QR-koodiin. Ei v\u00e4lik\u00e4si\u00e4. Ei provisioleikkauksia. Vain suoramyynti\u00e4, suoraan keitti\u00f6\u00f6si. Palvele seinien ulkopuolella. Ole siell\u00e4, miss\u00e4 asiakkaasi ovat. Miksi rakastat sit\u00e4 Helppok\u00e4ytt\u00f6inen, [&hellip;]<\/p>\n","protected":false},"author":1,"featured_media":0,"parent":0,"menu_order":0,"comment_status":"closed","ping_status":"closed","template":"","meta":{"footnotes":""},"class_list":["post-2618","page","type-page","status-publish","hentry"],"_links":{"self":[{"href":"https:\/\/rkeeper.fi\/index.php?rest_route=\/wp\/v2\/pages\/2618","targetHints":{"allow":["GET"]}}],"collection":[{"href":"https:\/\/rkeeper.fi\/index.php?rest_route=\/wp\/v2\/pages"}],"about":[{"href":"https:\/\/rkeeper.fi\/index.php?rest_route=\/wp\/v2\/types\/page"}],"author":[{"embeddable":true,"href":"https:\/\/rkeeper.fi\/index.php?rest_route=\/wp\/v2\/users\/1"}],"replies":[{"embeddable":true,"href":"https:\/\/rkeeper.fi\/index.php?rest_route=%2Fwp%2Fv2%2Fcomments&post=2618"}],"version-history":[{"count":7,"href":"https:\/\/rkeeper.fi\/index.php?rest_route=\/wp\/v2\/pages\/2618\/revisions"}],"predecessor-version":[{"id":3771,"href":"https:\/\/rkeeper.fi\/index.php?rest_route=\/wp\/v2\/pages\/2618\/revisions\/3771"}],"wp:attachment":[{"href":"https:\/\/rkeeper.fi\/index.php?rest_route=%2Fwp%2Fv2%2Fmedia&parent=2618"}],"curies":[{"name":"wp","href":"https:\/\/api.w.org\/{rel}","templated":true}]}}