{"id":2648,"date":"2025-07-14T15:28:58","date_gmt":"2025-07-14T12:28:58","guid":{"rendered":"https:\/\/rkeeper.us\/?page_id=2648"},"modified":"2025-08-07T13:24:18","modified_gmt":"2025-08-07T10:24:18","slug":"pos-kassa","status":"publish","type":"page","link":"https:\/\/rkeeper.fi\/?page_id=2648","title":{"rendered":"POS\/Kassa"},"content":{"rendered":"\t\t<div data-elementor-type=\"wp-page\" data-elementor-id=\"2648\" class=\"elementor elementor-2648 elementor-2181\" data-elementor-post-type=\"page\">\n\t\t\t\t<div class=\"elementor-element elementor-element-520b5700 e-flex e-con-boxed e-con e-parent\" data-id=\"520b5700\" data-element_type=\"container\" data-e-type=\"container\">\n\t\t\t\t\t<div class=\"e-con-inner\">\n\t\t\t\t<div class=\"elementor-element elementor-element-6e322089 elementor-widget elementor-widget-heading\" data-id=\"6e322089\" data-element_type=\"widget\" data-e-type=\"widget\" data-widget_type=\"heading.default\">\n\t\t\t\t<div class=\"elementor-widget-container\">\n\t\t\t\t\t<h3 class=\"elementor-heading-title elementor-size-default\">POS\/Kassa<\/h3>\t\t\t\t<\/div>\n\t\t\t\t<\/div>\n\t\t\t\t<div class=\"elementor-element elementor-element-120f9b88 elementor-widget elementor-widget-text-editor\" data-id=\"120f9b88\" data-element_type=\"widget\" data-e-type=\"widget\" data-widget_type=\"text-editor.default\">\n\t\t\t\t<div class=\"elementor-widget-container\">\n\t\t\t\t\t\t\t\t\t<h2 id=\"POS-and-Cashdesk:-Power-at-Your-Fingertips-1\"><strong>POS &amp; kassa: Power at Your Fingertips<\/strong><\/h2><h3 id=\"Smart-Intuitive-and-Built-for-Busy-Service-2\">\u00c4lyk\u00e4s, intuitiivinen ja suunniteltu kiireiseen palveluun<\/h3><p>Olipa kyseess\u00e4 nopeatempoinen QSR-ravintola, viihtyis\u00e4 kahvila tai usean toimipisteen ravintola, <strong>POS- ja kassaratkaisumme<\/strong> on komentokeskuksesi kaikkeen. Nopeuta palvelua, v\u00e4henn\u00e4 virheit\u00e4, hallitse henkil\u00f6kuntaa ja varastoa ja ilahduta asiakkaitasi &#8211; kaikki yhdest\u00e4 tyylikk\u00e4\u00e4st\u00e4 k\u00e4ytt\u00f6liittym\u00e4st\u00e4. <\/p><p>Suunniteltu suorituskyky\u00e4 varten. Rakennettu mittakaavaa varten. Henkil\u00f6kunnan rakastama.  <\/p><hr><h3 id=\"Why-Our-POS-System-2\"><strong>Miksi meid\u00e4n POS-j\u00e4rjestelm\u00e4mme?<\/strong><\/h3><p><img fetchpriority=\"high\" decoding=\"async\" class=\"alignright\" style=\"margin: 8px 8px 0px;\" src=\"https:\/\/img.perfectwiki.xyz\/insecure\/resize:fit:400\/aHR0cHM6Ly9zdG9yYWdlLmdvb2dsZWFwaXMuY29tL3BlcmZlY3Rfd2lraS9jMThmZTZmNy03MTRiLTQxMzItYmI1NC0zNTY0ODc3NWVkMGMvSmhLQW04VFpVUlJLSHhOZ0RUUmwvJUQwJUI4JUQwJUI3JUQwJUJFJUQwJUIxJUQxJTgwJUQwJUIwJUQwJUI2JUQwJUI1JUQwJUJEJUQwJUI4JUQwJUI1X2UzOWYyNWMyLWZmNDgtNGMyYy1iMjE3LTQ1Y2Q2ZTYyN2ExNS5wbmc.webp\" sizes=\"100vw\" srcset=\"https:\/\/img.perfectwiki.xyz\/insecure\/resize:fit:400\/aHR0cHM6Ly9zdG9yYWdlLmdvb2dsZWFwaXMuY29tL3BlcmZlY3Rfd2lraS9jMThmZTZmNy03MTRiLTQxMzItYmI1NC0zNTY0ODc3NWVkMGMvSmhLQW04VFpVUlJLSHhOZ0RUUmwvJUQwJUI4JUQwJUI3JUQwJUJFJUQwJUIxJUQxJTgwJUQwJUIwJUQwJUI2JUQwJUI1JUQwJUJEJUQwJUI4JUQwJUI1X2UzOWYyNWMyLWZmNDgtNGMyYy1iMjE3LTQ1Y2Q2ZTYyN2ExNS5wbmc.webp 400w, https:\/\/img.perfectwiki.xyz\/insecure\/resize:fit:800\/aHR0cHM6Ly9zdG9yYWdlLmdvb2dsZWFwaXMuY29tL3BlcmZlY3Rfd2lraS9jMThmZTZmNy03MTRiLTQxMzItYmI1NC0zNTY0ODc3NWVkMGMvSmhLQW04VFpVUlJLSHhOZ0RUUmwvJUQwJUI4JUQwJUI3JUQwJUJFJUQwJUIxJUQxJTgwJUQwJUIwJUQwJUI2JUQwJUI1JUQwJUJEJUQwJUI4JUQwJUI1X2UzOWYyNWMyLWZmNDgtNGMyYy1iMjE3LTQ1Y2Q2ZTYyN2ExNS5wbmc.webp 800w, https:\/\/img.perfectwiki.xyz\/insecure\/resize:fit:1200\/aHR0cHM6Ly9zdG9yYWdlLmdvb2dsZWFwaXMuY29tL3BlcmZlY3Rfd2lraS9jMThmZTZmNy03MTRiLTQxMzItYmI1NC0zNTY0ODc3NWVkMGMvSmhLQW04VFpVUlJLSHhOZ0RUUmwvJUQwJUI4JUQwJUI3JUQwJUJFJUQwJUIxJUQxJTgwJUQwJUIwJUQwJUI2JUQwJUI1JUQwJUJEJUQwJUI4JUQwJUI1X2UzOWYyNWMyLWZmNDgtNGMyYy1iMjE3LTQ1Y2Q2ZTYyN2ExNS5wbmc.webp 1200w, https:\/\/img.perfectwiki.xyz\/insecure\/aHR0cHM6Ly9zdG9yYWdlLmdvb2dsZWFwaXMuY29tL3BlcmZlY3Rfd2lraS9jMThmZTZmNy03MTRiLTQxMzItYmI1NC0zNTY0ODc3NWVkMGMvSmhLQW04VFpVUlJLSHhOZ0RUUmwvJUQwJUI4JUQwJUI3JUQwJUJFJUQwJUIxJUQxJTgwJUQwJUIwJUQwJUI2JUQwJUI1JUQwJUJEJUQwJUI4JUQwJUI1X2UzOWYyNWMyLWZmNDgtNGMyYy1iMjE3LTQ1Y2Q2ZTYyN2ExNS5wbmc.webp 1400w\" alt=\"tuotteet \/ 3 POS\/Kassap\u00f6yt\u00e4\" width=\"331\" height=\"220\"><\/p><p><strong>Salamannopeat tapahtumat<\/strong><br>Ei viivett\u00e4. Ei odottelua. Ota tilauksia vastaan, jaa laskuja ja tulosta kuitteja sekunneissa &#8211; jopa ruuhka-aikoina.  <\/p><p><strong>K\u00e4ytt\u00e4j\u00e4yst\u00e4v\u00e4llinen k\u00e4ytt\u00f6liittym\u00e4<\/strong><br>Ei jyrkk\u00e4\u00e4 oppimisk\u00e4yr\u00e4\u00e4. Henkil\u00f6kuntasi pit\u00e4\u00e4 siit\u00e4, miten helppoa sen k\u00e4ytt\u00f6 on &#8211; heti ensimm\u00e4isest\u00e4 p\u00e4iv\u00e4st\u00e4 l\u00e4htien. <\/p><p><strong>Reaaliaikainen synkronointi<\/strong><br>Tilaukset kioskeista, sovelluksista ja verkosta? Kaikki synkronoidaan kassasi kanssa reaaliaikaisesti. Ei kaksinkertaista k\u00e4sittely\u00e4, ei virheit\u00e4.  <\/p><p><strong>Turvalliset maksut<\/strong><br>Hyv\u00e4ksy kortteja, mobiilimaksuja, QR-maksuja tai k\u00e4teist\u00e4 &#8211; kaikki t\u00e4ysin integroituna huippuluokan maksupalvelujen tarjoajien kanssa.<\/p><p> <strong>T\u00e4ydellinen valvonta ja analytiikka<\/strong><br>Seuraa myynti\u00e4, henkil\u00f6st\u00f6n suorituskyky\u00e4, kiireisimpi\u00e4 tunteja ja bestsellereit\u00e4 &#8211; kaikki kojelaudalla.<\/p><hr><h3 id=\"Key-Features-2\"><strong>T\u00e4rkeimm\u00e4t ominaisuudet<\/strong><\/h3><p><strong><img decoding=\"async\" class=\"alignleft\" style=\"font-weight: 400;\" src=\"https:\/\/img.perfectwiki.xyz\/insecure\/resize:fit:400\/aHR0cHM6Ly9zdG9yYWdlLmdvb2dsZWFwaXMuY29tL3BlcmZlY3Rfd2lraS9jMThmZTZmNy03MTRiLTQxMzItYmI1NC0zNTY0ODc3NWVkMGMvSmhLQW04VFpVUlJLSHhOZ0RUUmwvJUQwJUI4JUQwJUI3JUQwJUJFJUQwJUIxJUQxJTgwJUQwJUIwJUQwJUI2JUQwJUI1JUQwJUJEJUQwJUI4JUQwJUI1X2E2MDI4ZGFmLTkwY2MtNDZiOC1hNDkyLWYwMzA5YTcyNGJhZC5wbmc.webp\" sizes=\"100vw\" srcset=\"https:\/\/img.perfectwiki.xyz\/insecure\/resize:fit:400\/aHR0cHM6Ly9zdG9yYWdlLmdvb2dsZWFwaXMuY29tL3BlcmZlY3Rfd2lraS9jMThmZTZmNy03MTRiLTQxMzItYmI1NC0zNTY0ODc3NWVkMGMvSmhLQW04VFpVUlJLSHhOZ0RUUmwvJUQwJUI4JUQwJUI3JUQwJUJFJUQwJUIxJUQxJTgwJUQwJUIwJUQwJUI2JUQwJUI1JUQwJUJEJUQwJUI4JUQwJUI1X2E2MDI4ZGFmLTkwY2MtNDZiOC1hNDkyLWYwMzA5YTcyNGJhZC5wbmc.webp 400w, https:\/\/img.perfectwiki.xyz\/insecure\/resize:fit:800\/aHR0cHM6Ly9zdG9yYWdlLmdvb2dsZWFwaXMuY29tL3BlcmZlY3Rfd2lraS9jMThmZTZmNy03MTRiLTQxMzItYmI1NC0zNTY0ODc3NWVkMGMvSmhLQW04VFpVUlJLSHhOZ0RUUmwvJUQwJUI4JUQwJUI3JUQwJUJFJUQwJUIxJUQxJTgwJUQwJUIwJUQwJUI2JUQwJUI1JUQwJUJEJUQwJUI4JUQwJUI1X2E2MDI4ZGFmLTkwY2MtNDZiOC1hNDkyLWYwMzA5YTcyNGJhZC5wbmc.webp 800w, https:\/\/img.perfectwiki.xyz\/insecure\/resize:fit:1200\/aHR0cHM6Ly9zdG9yYWdlLmdvb2dsZWFwaXMuY29tL3BlcmZlY3Rfd2lraS9jMThmZTZmNy03MTRiLTQxMzItYmI1NC0zNTY0ODc3NWVkMGMvSmhLQW04VFpVUlJLSHhOZ0RUUmwvJUQwJUI4JUQwJUI3JUQwJUJFJUQwJUIxJUQxJTgwJUQwJUIwJUQwJUI2JUQwJUI1JUQwJUJEJUQwJUI4JUQwJUI1X2E2MDI4ZGFmLTkwY2MtNDZiOC1hNDkyLWYwMzA5YTcyNGJhZC5wbmc.webp 1200w, https:\/\/img.perfectwiki.xyz\/insecure\/aHR0cHM6Ly9zdG9yYWdlLmdvb2dsZWFwaXMuY29tL3BlcmZlY3Rfd2lraS9jMThmZTZmNy03MTRiLTQxMzItYmI1NC0zNTY0ODc3NWVkMGMvSmhLQW04VFpVUlJLSHhOZ0RUUmwvJUQwJUI4JUQwJUI3JUQwJUJFJUQwJUIxJUQxJTgwJUQwJUIwJUQwJUI2JUQwJUI1JUQwJUJEJUQwJUI4JUQwJUI1X2E2MDI4ZGFmLTkwY2MtNDZiOC1hNDkyLWYwMzA5YTcyNGJhZC5wbmc.webp 1400w\" alt=\"tuotteet \/ 3 POS\/Kassap\u00f6yt\u00e4\" width=\"359\" height=\"239\">Useita laitevaihtoehtoja<\/strong>: K\u00e4yt\u00e4 kiinte\u00e4n\u00e4 p\u00e4\u00e4telaitteena tai kannettavana tablettina &#8211; tai molempina.<\/p><p><strong>Helppo valikoiden hallinta<\/strong>: Muokkaa tuotteita, hintoja ja tarjouksia lennossa.<\/p><p><strong>Mukautetut k\u00e4ytt\u00f6oikeudet<\/strong>: Aseta henkil\u00f6st\u00f6n k\u00e4ytt\u00f6oikeustasot. Pid\u00e4 toiminta turvallisena. <\/p><p><strong>Offline-tila<\/strong>: Jatka myynti\u00e4, vaikka internet ei toimisikaan.<\/p><p><strong>Asiakasn\u00e4yt\u00f6t<\/strong>: N\u00e4yt\u00e4 tilauksen tiedot ja upsell-ehdotukset vieraille reaaliajassa.<\/p><p><strong>V\u00e4litt\u00f6m\u00e4t alennukset ja uskollisuusintegraatio<\/strong>: Sovella tarjouskoodeja ja palkitsemisohjelmia suoraan.<\/p><hr><h3 id=\"For-Every-Venue-Every-Style-2\"><strong>Jokaiseen paikkaan, jokaiseen tyyliin<\/strong><\/h3><p><strong>Pizzeriat ja pikaruokapaikat<\/strong>: nopeus ja tarkkuus kiireen aikana.<br> Kahvilat<strong>ja kahvilat<\/strong>: Nopea p\u00e4\u00e4sy, helppo lis\u00e4myynti.<br><strong>T\u00e4yden palvelun ravintolat<\/strong>: P\u00f6yd\u00e4n kartoitus, vinkit, usean k\u00e4ytt\u00e4j\u00e4n k\u00e4sittely.<\/p><hr><h3 id=\"What-You-Get-2\"><strong>Mit\u00e4 saat<\/strong><\/h3><p>\u2714\ufe0f Nopeammat kassa-ajat<br>\u2714\ufe0f V\u00e4hemm\u00e4n henkil\u00f6kunnan virheit\u00e4<br>\u2714\ufe0f Parempi raportointi<br>\u2714\ufe0f Tyytyv\u00e4isemm\u00e4t asiakkaat<br>\u2714\ufe0f Keskitetty hallinta useissa toimipisteiss\u00e4.<\/p><p>Tehosta myynti\u00e4si. Yksinkertaista ty\u00f6p\u00e4iv\u00e4\u00e4si. Kasvata itseluottamusta.  <\/p><hr><p><strong>Tee jokaisesta napautuksesta t\u00e4rke\u00e4.<\/strong><br>Paranna kassakokemustasi POS-j\u00e4rjestelm\u00e4ll\u00e4, joka ty\u00f6skentelee yht\u00e4 ahkerasti kuin sin\u00e4.<\/p>\t\t\t\t\t\t\t\t<\/div>\n\t\t\t\t<\/div>\n\t\t\t\t<div class=\"elementor-element elementor-element-59aa025f elementor-align-center elementor-mobile-align-center elementor-widget elementor-widget-button\" data-id=\"59aa025f\" data-element_type=\"widget\" data-e-type=\"widget\" data-widget_type=\"button.default\">\n\t\t\t\t<div class=\"elementor-widget-container\">\n\t\t\t\t\t\t\t\t\t<div class=\"elementor-button-wrapper\">\n\t\t\t\t\t<a class=\"elementor-button elementor-button-link elementor-size-sm\" href=\"https:\/\/rkeeper.us\/?page_id=256\">\n\t\t\t\t\t\t<span class=\"elementor-button-content-wrapper\">\n\t\t\t\t\t\t\t\t\t<span class=\"elementor-button-text\">Ota yhteytt\u00e4<\/span>\n\t\t\t\t\t<\/span>\n\t\t\t\t\t<\/a>\n\t\t\t\t<\/div>\n\t\t\t\t\t\t\t\t<\/div>\n\t\t\t\t<\/div>\n\t\t\t\t\t<\/div>\n\t\t\t\t<\/div>\n\t\t\t\t<\/div>\n\t\t","protected":false},"excerpt":{"rendered":"<p>POS\/Kassa POS &amp; kassa: Power at Your Fingertips \u00c4lyk\u00e4s, intuitiivinen ja suunniteltu kiireiseen palveluun Olipa kyseess\u00e4 nopeatempoinen QSR-ravintola, viihtyis\u00e4 kahvila tai usean toimipisteen ravintola, POS- ja kassaratkaisumme on komentokeskuksesi kaikkeen. Nopeuta palvelua, v\u00e4henn\u00e4 virheit\u00e4, hallitse henkil\u00f6kuntaa ja varastoa ja ilahduta asiakkaitasi &#8211; kaikki yhdest\u00e4 tyylikk\u00e4\u00e4st\u00e4 k\u00e4ytt\u00f6liittym\u00e4st\u00e4. Suunniteltu suorituskyky\u00e4 varten. Rakennettu mittakaavaa varten. Henkil\u00f6kunnan rakastama. Miksi [&hellip;]<\/p>\n","protected":false},"author":1,"featured_media":0,"parent":0,"menu_order":0,"comment_status":"closed","ping_status":"closed","template":"","meta":{"footnotes":""},"class_list":["post-2648","page","type-page","status-publish","hentry"],"_links":{"self":[{"href":"https:\/\/rkeeper.fi\/index.php?rest_route=\/wp\/v2\/pages\/2648","targetHints":{"allow":["GET"]}}],"collection":[{"href":"https:\/\/rkeeper.fi\/index.php?rest_route=\/wp\/v2\/pages"}],"about":[{"href":"https:\/\/rkeeper.fi\/index.php?rest_route=\/wp\/v2\/types\/page"}],"author":[{"embeddable":true,"href":"https:\/\/rkeeper.fi\/index.php?rest_route=\/wp\/v2\/users\/1"}],"replies":[{"embeddable":true,"href":"https:\/\/rkeeper.fi\/index.php?rest_route=%2Fwp%2Fv2%2Fcomments&post=2648"}],"version-history":[{"count":7,"href":"https:\/\/rkeeper.fi\/index.php?rest_route=\/wp\/v2\/pages\/2648\/revisions"}],"predecessor-version":[{"id":3773,"href":"https:\/\/rkeeper.fi\/index.php?rest_route=\/wp\/v2\/pages\/2648\/revisions\/3773"}],"wp:attachment":[{"href":"https:\/\/rkeeper.fi\/index.php?rest_route=%2Fwp%2Fv2%2Fmedia&parent=2648"}],"curies":[{"name":"wp","href":"https:\/\/api.w.org\/{rel}","templated":true}]}}